{"id":648,"date":"2022-07-05T09:06:56","date_gmt":"2022-07-05T15:06:56","guid":{"rendered":"https:\/\/reinasdelanoche.org.gt\/?page_id=648"},"modified":"2025-09-04T15:10:13","modified_gmt":"2025-09-04T21:10:13","slug":"clinica-modelo-transvivir","status":"publish","type":"page","link":"https:\/\/reinasdelanoche.org.gt\/en\/clinica-modelo-transvivir\/","title":{"rendered":"Transvivir Model Clinic"},"content":{"rendered":"<h1>TransVivirGt Clinic<\/h1>\n<ul>\n<li><a href=\"#\"><br \/>\nHome<br \/>\n<\/a><\/li>\n<\/ul>\n<p><img fetchpriority=\"high\" decoding=\"async\" src=\"https:\/\/reinasdelanoche.org.gt\/wp-content\/uploads\/2025\/08\/Caratula-Transvivir.svg\" alt=\"\" width=\"800\" height=\"1000\" \/><\/p>\n<h2>Founded in 2012<\/h2>\n<p data-start=\"72\" data-end=\"364\">En Ciudad de Guatemala funciona la <strong data-start=\"107\" data-end=\"138\">Cl\u00ednica Modelo TRANSVivirGT<\/strong>, un espacio pionero dedicado a la atenci\u00f3n integral de la salud de las personas Trans. Fundada el 15 de octubre de 2012, la cl\u00ednica ya cuenta con m\u00e1s de una d\u00e9cada de servicio, consolid\u00e1ndose como un referente en la regi\u00f3n.<\/p>\n<p data-start=\"366\" data-end=\"552\">Actualmente ofrece cuatro servicios fundamentales \u2014<strong data-start=\"417\" data-end=\"473\">medicina general, psicolog\u00eda, laboratorio y farmacia<\/strong>\u2014 todos avalados por el Ministerio de Salud y Asistencia Social de Guatemala.<\/p>\n<h3 data-start=\"261\" data-end=\"293\">\ud83e\ude7a Servicios que ofrecemos<\/h3>\n<ul data-start=\"295\" data-end=\"481\">\n<li data-start=\"295\" data-end=\"325\">\n<p data-start=\"297\" data-end=\"325\">\ud83d\udc68\u200d\u2695\ufe0f <strong data-start=\"303\" data-end=\"323\">Medicina general<\/strong><\/p>\n<\/li>\n<li data-start=\"326\" data-end=\"379\">\n<p data-start=\"328\" data-end=\"379\">\ud83d\udc89 <strong><span class=\"selectable-text copyable-text xkrh14z\"> Asesor\u00eda para<\/span>\u00a0bloqueo y reemplazo hormonal<\/strong><\/p>\n<\/li>\n<li data-start=\"380\" data-end=\"401\">\n<p data-start=\"382\" data-end=\"401\">\ud83e\udde0 <strong data-start=\"385\" data-end=\"399\">Psicolog\u00eda<\/strong><\/p>\n<\/li>\n<li data-start=\"402\" data-end=\"434\">\n<p data-start=\"404\" data-end=\"434\">\ud83c\udfe0 <strong data-start=\"407\" data-end=\"432\">Visitas domiciliarias<\/strong><\/p>\n<\/li>\n<li data-start=\"435\" data-end=\"481\">\n<p data-start=\"437\" data-end=\"481\">\ud83d\udcac <strong data-start=\"440\" data-end=\"479\">Consejer\u00eda pre y post prueba de VIH<\/strong><\/p>\n<\/li>\n<\/ul>\n<h3 data-start=\"483\" data-end=\"514\">\ud83d\udd2c Pruebas de laboratorio<\/h3>\n<ul data-start=\"515\" data-end=\"701\">\n<li data-start=\"515\" data-end=\"525\">\n<p data-start=\"517\" data-end=\"525\">\ud83e\uddea VIH<\/p>\n<\/li>\n<li data-start=\"526\" data-end=\"540\">\n<p data-start=\"528\" data-end=\"540\">\ud83e\uddea S\u00edfilis<\/p>\n<\/li>\n<li data-start=\"541\" data-end=\"563\">\n<p data-start=\"543\" data-end=\"563\">\ud83e\uddea Hepatitis B y C<\/p>\n<\/li>\n<li data-start=\"564\" data-end=\"601\">\n<p data-start=\"566\" data-end=\"601\">\ud83e\uddea Qu\u00edmica sangu\u00ednea (Creatinina)<\/p>\n<\/li>\n<li data-start=\"602\" data-end=\"671\">\n<p data-start=\"604\" data-end=\"671\">\ud83e\uddea Inmunolog\u00eda (T3, T4, TSH, Testosterona, Progesterona, LH, FSH)<\/p>\n<\/li>\n<li data-start=\"672\" data-end=\"682\">\n<p data-start=\"674\" data-end=\"682\">\ud83e\uddea RPR<\/p>\n<\/li>\n<li data-start=\"683\" data-end=\"701\">\n<p data-start=\"685\" data-end=\"701\">\ud83e\uddea Hematolog\u00eda<\/p>\n<\/li>\n<\/ul>\n<h3 data-start=\"703\" data-end=\"720\">\ud83d\udc8a Farmacia<\/h3>\n<ul data-start=\"721\" data-end=\"755\">\n<li data-start=\"721\" data-end=\"755\">\n<p data-start=\"723\" data-end=\"755\">\ud83d\udc8a Acceso a <strong data-start=\"735\" data-end=\"743\">PrEP<\/strong> y <strong data-start=\"746\" data-end=\"753\">PEP<\/strong><\/p>\n<\/li>\n<\/ul>\n<ul>\n<li>Horario de atenci\u00f3n: De lunes a viernes de 09:00 a 16:00 horas.<\/li>\n<\/ul>","protected":false},"excerpt":{"rendered":"<p>Cl\u00ednica TransVivirGt Inicio Fundada en el 2012 En Ciudad de Guatemala funciona la Cl\u00ednica Modelo TRANSVivirGT, un espacio pionero dedicado a la atenci\u00f3n integral de la salud de las personas Trans. Fundada el 15 de octubre de 2012, la cl\u00ednica ya cuenta con m\u00e1s de una d\u00e9cada de servicio, consolid\u00e1ndose como un referente en la [&hellip;]<\/p>","protected":false},"author":1,"featured_media":0,"parent":0,"menu_order":0,"comment_status":"closed","ping_status":"closed","template":"","meta":{"_monsterinsights_skip_tracking":false,"_monsterinsights_sitenote_active":false,"_monsterinsights_sitenote_note":"","_monsterinsights_sitenote_category":0,"footnotes":""},"class_list":["post-648","page","type-page","status-publish","hentry"],"yoast_head":"<!-- This site is optimized with the Yoast SEO plugin v26.5 - https:\/\/yoast.com\/wordpress\/plugins\/seo\/ -->\n<title>Cl\u00ednica Modelo Transvivir - Reinas de la noche<\/title>\n<meta name=\"robots\" content=\"index, follow, max-snippet:-1, max-image-preview:large, max-video-preview:-1\" \/>\n<link rel=\"canonical\" href=\"https:\/\/reinasdelanoche.org.gt\/en\/clinica-modelo-transvivir\/\" \/>\n<meta property=\"og:locale\" content=\"en_US\" \/>\n<meta property=\"og:type\" content=\"article\" \/>\n<meta property=\"og:title\" content=\"Cl\u00ednica Modelo Transvivir - Reinas de la noche\" \/>\n<meta property=\"og:description\" content=\"Cl\u00ednica TransVivirGt Inicio Fundada en el 2012 En Ciudad de Guatemala funciona la Cl\u00ednica Modelo TRANSVivirGT, un espacio pionero dedicado a la atenci\u00f3n integral de la salud de las personas Trans. Fundada el 15 de octubre de 2012, la cl\u00ednica ya cuenta con m\u00e1s de una d\u00e9cada de servicio, consolid\u00e1ndose como un referente en la [&hellip;]\" \/>\n<meta property=\"og:url\" content=\"https:\/\/reinasdelanoche.org.gt\/en\/clinica-modelo-transvivir\/\" \/>\n<meta property=\"og:site_name\" content=\"Reinas de la noche\" \/>\n<meta property=\"article:publisher\" content=\"https:\/\/www.facebook.com\/reinasdelanoche1\/\" \/>\n<meta property=\"article:modified_time\" content=\"2025-09-04T21:10:13+00:00\" \/>\n<meta property=\"og:image\" content=\"https:\/\/reinasdelanoche.org.gt\/wp-content\/uploads\/2025\/08\/Caratula-Transvivir.svg\" \/>\n<meta name=\"twitter:card\" content=\"summary_large_image\" \/>\n<meta name=\"twitter:site\" content=\"@InfoOTRANS\" \/>\n<meta name=\"twitter:label1\" content=\"Est. reading time\" \/>\n\t<meta name=\"twitter:data1\" content=\"1 minute\" \/>\n<script type=\"application\/ld+json\" class=\"yoast-schema-graph\">{\"@context\":\"https:\/\/schema.org\",\"@graph\":[{\"@type\":\"WebPage\",\"@id\":\"https:\/\/reinasdelanoche.org.gt\/clinica-modelo-transvivir\/\",\"url\":\"https:\/\/reinasdelanoche.org.gt\/clinica-modelo-transvivir\/\",\"name\":\"Cl\u00ednica Modelo Transvivir - Reinas de la noche\",\"isPartOf\":{\"@id\":\"https:\/\/reinasdelanoche.org.gt\/#website\"},\"primaryImageOfPage\":{\"@id\":\"https:\/\/reinasdelanoche.org.gt\/clinica-modelo-transvivir\/#primaryimage\"},\"image\":{\"@id\":\"https:\/\/reinasdelanoche.org.gt\/clinica-modelo-transvivir\/#primaryimage\"},\"thumbnailUrl\":\"https:\/\/reinasdelanoche.org.gt\/wp-content\/uploads\/2025\/08\/Caratula-Transvivir.svg\",\"datePublished\":\"2022-07-05T15:06:56+00:00\",\"dateModified\":\"2025-09-04T21:10:13+00:00\",\"breadcrumb\":{\"@id\":\"https:\/\/reinasdelanoche.org.gt\/clinica-modelo-transvivir\/#breadcrumb\"},\"inLanguage\":\"en-US\",\"potentialAction\":[{\"@type\":\"ReadAction\",\"target\":[\"https:\/\/reinasdelanoche.org.gt\/clinica-modelo-transvivir\/\"]}]},{\"@type\":\"ImageObject\",\"inLanguage\":\"en-US\",\"@id\":\"https:\/\/reinasdelanoche.org.gt\/clinica-modelo-transvivir\/#primaryimage\",\"url\":\"https:\/\/reinasdelanoche.org.gt\/wp-content\/uploads\/2025\/08\/Caratula-Transvivir.svg\",\"contentUrl\":\"https:\/\/reinasdelanoche.org.gt\/wp-content\/uploads\/2025\/08\/Caratula-Transvivir.svg\"},{\"@type\":\"BreadcrumbList\",\"@id\":\"https:\/\/reinasdelanoche.org.gt\/clinica-modelo-transvivir\/#breadcrumb\",\"itemListElement\":[{\"@type\":\"ListItem\",\"position\":1,\"name\":\"Portada\",\"item\":\"https:\/\/reinasdelanoche.org.gt\/\"},{\"@type\":\"ListItem\",\"position\":2,\"name\":\"Cl\u00ednica Modelo Transvivir\"}]},{\"@type\":\"WebSite\",\"@id\":\"https:\/\/reinasdelanoche.org.gt\/#website\",\"url\":\"https:\/\/reinasdelanoche.org.gt\/\",\"name\":\"Reinas de la noche\",\"description\":\"OTRANS\",\"publisher\":{\"@id\":\"https:\/\/reinasdelanoche.org.gt\/#organization\"},\"potentialAction\":[{\"@type\":\"SearchAction\",\"target\":{\"@type\":\"EntryPoint\",\"urlTemplate\":\"https:\/\/reinasdelanoche.org.gt\/?s={search_term_string}\"},\"query-input\":{\"@type\":\"PropertyValueSpecification\",\"valueRequired\":true,\"valueName\":\"search_term_string\"}}],\"inLanguage\":\"en-US\"},{\"@type\":\"Organization\",\"@id\":\"https:\/\/reinasdelanoche.org.gt\/#organization\",\"name\":\"Reinas de la noche OTRANS\",\"alternateName\":\"OTRANS\",\"url\":\"https:\/\/reinasdelanoche.org.gt\/\",\"logo\":{\"@type\":\"ImageObject\",\"inLanguage\":\"en-US\",\"@id\":\"https:\/\/reinasdelanoche.org.gt\/#\/schema\/logo\/image\/\",\"url\":\"https:\/\/reinasdelanoche.org.gt\/wp-content\/uploads\/2022\/05\/cropped-Logo-Vertical-Principal-con-lema.png\",\"contentUrl\":\"https:\/\/reinasdelanoche.org.gt\/wp-content\/uploads\/2022\/05\/cropped-Logo-Vertical-Principal-con-lema.png\",\"width\":512,\"height\":512,\"caption\":\"Reinas de la noche OTRANS\"},\"image\":{\"@id\":\"https:\/\/reinasdelanoche.org.gt\/#\/schema\/logo\/image\/\"},\"sameAs\":[\"https:\/\/www.facebook.com\/reinasdelanoche1\/\",\"https:\/\/x.com\/InfoOTRANS\"]}]}<\/script>\n<!-- \/ Yoast SEO plugin. -->","yoast_head_json":{"title":"Cl\u00ednica Modelo Transvivir - Reinas de la noche","robots":{"index":"index","follow":"follow","max-snippet":"max-snippet:-1","max-image-preview":"max-image-preview:large","max-video-preview":"max-video-preview:-1"},"canonical":"https:\/\/reinasdelanoche.org.gt\/en\/clinica-modelo-transvivir\/","og_locale":"en_US","og_type":"article","og_title":"Cl\u00ednica Modelo Transvivir - Reinas de la noche","og_description":"Cl\u00ednica TransVivirGt Inicio Fundada en el 2012 En Ciudad de Guatemala funciona la Cl\u00ednica Modelo TRANSVivirGT, un espacio pionero dedicado a la atenci\u00f3n integral de la salud de las personas Trans. Fundada el 15 de octubre de 2012, la cl\u00ednica ya cuenta con m\u00e1s de una d\u00e9cada de servicio, consolid\u00e1ndose como un referente en la [&hellip;]","og_url":"https:\/\/reinasdelanoche.org.gt\/en\/clinica-modelo-transvivir\/","og_site_name":"Reinas de la noche","article_publisher":"https:\/\/www.facebook.com\/reinasdelanoche1\/","article_modified_time":"2025-09-04T21:10:13+00:00","og_image":[{"url":"https:\/\/reinasdelanoche.org.gt\/wp-content\/uploads\/2025\/08\/Caratula-Transvivir.svg","type":"","width":"","height":""}],"twitter_card":"summary_large_image","twitter_site":"@InfoOTRANS","twitter_misc":{"Est. reading time":"1 minute"},"schema":{"@context":"https:\/\/schema.org","@graph":[{"@type":"WebPage","@id":"https:\/\/reinasdelanoche.org.gt\/clinica-modelo-transvivir\/","url":"https:\/\/reinasdelanoche.org.gt\/clinica-modelo-transvivir\/","name":"Cl\u00ednica Modelo Transvivir - Reinas de la noche","isPartOf":{"@id":"https:\/\/reinasdelanoche.org.gt\/#website"},"primaryImageOfPage":{"@id":"https:\/\/reinasdelanoche.org.gt\/clinica-modelo-transvivir\/#primaryimage"},"image":{"@id":"https:\/\/reinasdelanoche.org.gt\/clinica-modelo-transvivir\/#primaryimage"},"thumbnailUrl":"https:\/\/reinasdelanoche.org.gt\/wp-content\/uploads\/2025\/08\/Caratula-Transvivir.svg","datePublished":"2022-07-05T15:06:56+00:00","dateModified":"2025-09-04T21:10:13+00:00","breadcrumb":{"@id":"https:\/\/reinasdelanoche.org.gt\/clinica-modelo-transvivir\/#breadcrumb"},"inLanguage":"en-US","potentialAction":[{"@type":"ReadAction","target":["https:\/\/reinasdelanoche.org.gt\/clinica-modelo-transvivir\/"]}]},{"@type":"ImageObject","inLanguage":"en-US","@id":"https:\/\/reinasdelanoche.org.gt\/clinica-modelo-transvivir\/#primaryimage","url":"https:\/\/reinasdelanoche.org.gt\/wp-content\/uploads\/2025\/08\/Caratula-Transvivir.svg","contentUrl":"https:\/\/reinasdelanoche.org.gt\/wp-content\/uploads\/2025\/08\/Caratula-Transvivir.svg"},{"@type":"BreadcrumbList","@id":"https:\/\/reinasdelanoche.org.gt\/clinica-modelo-transvivir\/#breadcrumb","itemListElement":[{"@type":"ListItem","position":1,"name":"Portada","item":"https:\/\/reinasdelanoche.org.gt\/"},{"@type":"ListItem","position":2,"name":"Cl\u00ednica Modelo Transvivir"}]},{"@type":"WebSite","@id":"https:\/\/reinasdelanoche.org.gt\/#website","url":"https:\/\/reinasdelanoche.org.gt\/","name":"queens of the night","description":"OTHERS","publisher":{"@id":"https:\/\/reinasdelanoche.org.gt\/#organization"},"potentialAction":[{"@type":"SearchAction","target":{"@type":"EntryPoint","urlTemplate":"https:\/\/reinasdelanoche.org.gt\/?s={search_term_string}"},"query-input":{"@type":"PropertyValueSpecification","valueRequired":true,"valueName":"search_term_string"}}],"inLanguage":"en-US"},{"@type":"Organization","@id":"https:\/\/reinasdelanoche.org.gt\/#organization","name":"Reinas de la noche OTRANS","alternateName":"OTRANS","url":"https:\/\/reinasdelanoche.org.gt\/","logo":{"@type":"ImageObject","inLanguage":"en-US","@id":"https:\/\/reinasdelanoche.org.gt\/#\/schema\/logo\/image\/","url":"https:\/\/reinasdelanoche.org.gt\/wp-content\/uploads\/2022\/05\/cropped-Logo-Vertical-Principal-con-lema.png","contentUrl":"https:\/\/reinasdelanoche.org.gt\/wp-content\/uploads\/2022\/05\/cropped-Logo-Vertical-Principal-con-lema.png","width":512,"height":512,"caption":"Reinas de la noche OTRANS"},"image":{"@id":"https:\/\/reinasdelanoche.org.gt\/#\/schema\/logo\/image\/"},"sameAs":["https:\/\/www.facebook.com\/reinasdelanoche1\/","https:\/\/x.com\/InfoOTRANS"]}]}},"_links":{"self":[{"href":"https:\/\/reinasdelanoche.org.gt\/en\/wp-json\/wp\/v2\/pages\/648","targetHints":{"allow":["GET"]}}],"collection":[{"href":"https:\/\/reinasdelanoche.org.gt\/en\/wp-json\/wp\/v2\/pages"}],"about":[{"href":"https:\/\/reinasdelanoche.org.gt\/en\/wp-json\/wp\/v2\/types\/page"}],"author":[{"embeddable":true,"href":"https:\/\/reinasdelanoche.org.gt\/en\/wp-json\/wp\/v2\/users\/1"}],"replies":[{"embeddable":true,"href":"https:\/\/reinasdelanoche.org.gt\/en\/wp-json\/wp\/v2\/comments?post=648"}],"version-history":[{"count":46,"href":"https:\/\/reinasdelanoche.org.gt\/en\/wp-json\/wp\/v2\/pages\/648\/revisions"}],"predecessor-version":[{"id":2032,"href":"https:\/\/reinasdelanoche.org.gt\/en\/wp-json\/wp\/v2\/pages\/648\/revisions\/2032"}],"wp:attachment":[{"href":"https:\/\/reinasdelanoche.org.gt\/en\/wp-json\/wp\/v2\/media?parent=648"}],"curies":[{"name":"wp","href":"https:\/\/api.w.org\/{rel}","templated":true}]}}