{"id":63,"date":"2022-05-04T18:21:28","date_gmt":"2022-05-04T18:21:28","guid":{"rendered":"https:\/\/reinasdelanoche.org.gt\/?page_id=63"},"modified":"2024-07-15T16:02:32","modified_gmt":"2024-07-15T22:02:32","slug":"contactanos","status":"publish","type":"page","link":"https:\/\/reinasdelanoche.org.gt\/en\/contactanos\/","title":{"rendered":"Contact us"},"content":{"rendered":"<div data-elementor-type=\"wp-page\" data-elementor-id=\"63\" class=\"elementor elementor-63\" data-elementor-post-type=\"page\">\n\t\t\t\t\t\t<section class=\"elementor-section elementor-top-section elementor-element elementor-element-2bff3d63 elementor-section-height-min-height elementor-section-boxed elementor-section-height-default elementor-section-items-middle\" data-id=\"2bff3d63\" data-element_type=\"section\" data-settings=\"{&quot;background_background&quot;:&quot;classic&quot;}\">\n\t\t\t\t\t\t\t<div class=\"elementor-background-overlay\"><\/div>\n\t\t\t\t\t\t\t<div class=\"elementor-container elementor-column-gap-default\">\n\t\t\t\t\t<div class=\"elementor-column elementor-col-100 elementor-top-column elementor-element elementor-element-5d273f43\" data-id=\"5d273f43\" data-element_type=\"column\">\n\t\t\t<div class=\"elementor-widget-wrap elementor-element-populated\">\n\t\t\t\t\t\t<div class=\"elementor-element elementor-element-2dbde5ce elementor-invisible elementor-widget elementor-widget-heading\" data-id=\"2dbde5ce\" data-element_type=\"widget\" data-settings=\"{&quot;_animation&quot;:&quot;fadeInUp&quot;}\" data-widget_type=\"heading.default\">\n\t\t\t\t<div class=\"elementor-widget-container\">\n\t\t\t\t\t<h1 class=\"elementor-heading-title elementor-size-default\">Contact<\/h1>\t\t\t\t<\/div>\n\t\t\t\t<\/div>\n\t\t\t\t<div class=\"elementor-element elementor-element-62fd251 elementor-icon-list--layout-inline elementor-align-left elementor-list-item-link-full_width elementor-invisible elementor-widget elementor-widget-icon-list\" data-id=\"62fd251\" data-element_type=\"widget\" data-settings=\"{&quot;_animation&quot;:&quot;fadeInUp&quot;}\" data-widget_type=\"icon-list.default\">\n\t\t\t\t<div class=\"elementor-widget-container\">\n\t\t\t\t\t\t\t<ul class=\"elementor-icon-list-items elementor-inline-items\">\n\t\t\t\t\t\t\t<li class=\"elementor-icon-list-item elementor-inline-item\">\n\t\t\t\t\t\t\t\t\t\t\t<a href=\"#\">\n\n\t\t\t\t\t\t\t\t\t\t\t\t<span class=\"elementor-icon-list-icon\">\n\t\t\t\t\t\t\t<i aria-hidden=\"true\" class=\"fas fa-home\"><\/i>\t\t\t\t\t\t<\/span>\n\t\t\t\t\t\t\t\t\t\t<span class=\"elementor-icon-list-text\">Home<\/span>\n\t\t\t\t\t\t\t\t\t\t\t<\/a>\n\t\t\t\t\t\t\t\t\t<\/li>\n\t\t\t\t\t\t\t\t<li class=\"elementor-icon-list-item elementor-inline-item\">\n\t\t\t\t\t\t\t\t\t\t\t<span class=\"elementor-icon-list-icon\">\n\t\t\t\t\t\t\t<i aria-hidden=\"true\" class=\"fas fa-angle-right\"><\/i>\t\t\t\t\t\t<\/span>\n\t\t\t\t\t\t\t\t\t\t<span class=\"elementor-icon-list-text\">Contact<\/span>\n\t\t\t\t\t\t\t\t\t<\/li>\n\t\t\t\t\t\t<\/ul>\n\t\t\t\t\t\t<\/div>\n\t\t\t\t<\/div>\n\t\t\t\t\t<\/div>\n\t\t<\/div>\n\t\t\t\t\t<\/div>\n\t\t<\/section>\n\t\t\t\t<section class=\"elementor-section elementor-top-section elementor-element elementor-element-3804b986 elementor-section-boxed elementor-section-height-default elementor-section-height-default\" data-id=\"3804b986\" data-element_type=\"section\" data-settings=\"{&quot;background_background&quot;:&quot;classic&quot;}\">\n\t\t\t\t\t\t\t<div class=\"elementor-background-overlay\"><\/div>\n\t\t\t\t\t\t\t<div class=\"elementor-container elementor-column-gap-default\">\n\t\t\t\t\t<div class=\"elementor-column elementor-col-100 elementor-top-column elementor-element elementor-element-12bb3e05\" data-id=\"12bb3e05\" data-element_type=\"column\">\n\t\t\t<div class=\"elementor-widget-wrap elementor-element-populated\">\n\t\t\t\t\t\t<div class=\"elementor-element elementor-element-3525b70c elementor-invisible elementor-widget elementor-widget-elementskit-heading\" data-id=\"3525b70c\" data-element_type=\"widget\" data-settings=\"{&quot;_animation&quot;:&quot;fadeInUp&quot;}\" data-widget_type=\"elementskit-heading.default\">\n\t\t\t\t<div class=\"elementor-widget-container\">\n\t\t\t\t\t<div class=\"ekit-wid-con\" ><div class=\"ekit-heading elementskit-section-title-wraper text_left   ekit_heading_tablet-   ekit_heading_mobile-\"><h3 class=\"elementskit-section-subtitle  elementskit-style-border\">\n\t\t\t\t\t\tWe are here to support you\n\t\t\t\t\t<\/h3><h2 class=\"ekit-heading--title elementskit-section-title\">Contact Us<\/h2><\/div><\/div>\t\t\t\t<\/div>\n\t\t\t\t<\/div>\n\t\t\t\t<div class=\"elementor-element elementor-element-31ef3a97 elementor-button-align-stretch elementor-invisible elementor-widget elementor-widget-form\" data-id=\"31ef3a97\" data-element_type=\"widget\" data-settings=\"{&quot;step_next_label&quot;:&quot;Next&quot;,&quot;step_previous_label&quot;:&quot;Previous&quot;,&quot;_animation&quot;:&quot;fadeInUp&quot;,&quot;step_type&quot;:&quot;number_text&quot;,&quot;step_icon_shape&quot;:&quot;circle&quot;}\" data-widget_type=\"form.default\">\n\t\t\t\t<div class=\"elementor-widget-container\">\n\t\t\t\t\t\t\t<form class=\"elementor-form\" method=\"post\" name=\"New Form\" aria-label=\"New Form\" action=\"\">\n\t\t\t<input type=\"hidden\" name=\"post_id\" value=\"63\"\/>\n\t\t\t<input type=\"hidden\" name=\"form_id\" value=\"31ef3a97\"\/>\n\t\t\t<input type=\"hidden\" name=\"referer_title\" value=\"Cont\u00e1ctanos - Reinas de la noche\" \/>\n\n\t\t\t\t\t\t\t<input type=\"hidden\" name=\"queried_id\" value=\"63\"\/>\n\t\t\t\n\t\t\t<div class=\"elementor-form-fields-wrapper elementor-labels-\">\n\t\t\t\t\t\t\t\t<div class=\"elementor-field-type-text elementor-field-group elementor-column elementor-field-group-name elementor-col-50\">\n\t\t\t\t\t\t\t\t\t\t\t\t<label for=\"form-field-name\" class=\"elementor-field-label elementor-screen-only\">\n\t\t\t\t\t\t\t\tName\t\t\t\t\t\t\t<\/label>\n\t\t\t\t\t\t\t\t\t\t\t\t\t\t<input size=\"1\" type=\"text\" name=\"form_fields[name]\" id=\"form-field-name\" class=\"elementor-field elementor-size-lg  elementor-field-textual\" placeholder=\"Name*\">\n\t\t\t\t\t\t\t\t\t\t\t<\/div>\n\t\t\t\t\t\t\t\t<div class=\"elementor-field-type-email elementor-field-group elementor-column elementor-field-group-email elementor-col-50 elementor-field-required\">\n\t\t\t\t\t\t\t\t\t\t\t\t<label for=\"form-field-email\" class=\"elementor-field-label elementor-screen-only\">\n\t\t\t\t\t\t\t\tE-mail\t\t\t\t\t\t\t<\/label>\n\t\t\t\t\t\t\t\t\t\t\t\t\t\t<input size=\"1\" type=\"email\" name=\"form_fields[email]\" id=\"form-field-email\" class=\"elementor-field elementor-size-lg  elementor-field-textual\" placeholder=\"E-mail*\" required=\"required\">\n\t\t\t\t\t\t\t\t\t\t\t<\/div>\n\t\t\t\t\t\t\t\t<div class=\"elementor-field-type-textarea elementor-field-group elementor-column elementor-field-group-message elementor-col-100\">\n\t\t\t\t\t\t\t\t\t\t\t\t<label for=\"form-field-message\" class=\"elementor-field-label elementor-screen-only\">\n\t\t\t\t\t\t\t\tMessage\t\t\t\t\t\t\t<\/label>\n\t\t\t\t\t\t<textarea class=\"elementor-field-textual elementor-field  elementor-size-lg\" name=\"form_fields[message]\" id=\"form-field-message\" rows=\"6\" placeholder=\"Message\"><\/textarea>\t\t\t\t<\/div>\n\t\t\t\t\t\t\t\t<div class=\"elementor-field-group elementor-column elementor-field-type-submit elementor-col-100 e-form__buttons\">\n\t\t\t\t\t<button class=\"elementor-button elementor-size-sm\" type=\"submit\">\n\t\t\t\t\t\t<span class=\"elementor-button-content-wrapper\">\n\t\t\t\t\t\t\t\t\t\t\t\t\t\t\t<span class=\"elementor-button-icon\">\n\t\t\t\t\t\t\t\t\t<i aria-hidden=\"true\" class=\"icon icon-arrow-right\"><\/i>\t\t\t\t\t\t\t\t\t\t\t\t\t\t\t\t\t<\/span>\n\t\t\t\t\t\t\t\t\t\t\t\t\t\t\t\t\t\t\t\t\t\t<span class=\"elementor-button-text\">Send<\/span>\n\t\t\t\t\t\t\t\t\t\t\t\t\t<\/span>\n\t\t\t\t\t<\/button>\n\t\t\t\t<\/div>\n\t\t\t<\/div>\n\t\t<input type=\"hidden\" name=\"trp-form-language\" value=\"en\"\/><\/form>\n\t\t\t\t\t\t<\/div>\n\t\t\t\t<\/div>\n\t\t\t\t<div class=\"elementor-element elementor-element-7f7c2941 elementor-invisible elementor-widget elementor-widget-google_maps\" data-id=\"7f7c2941\" data-element_type=\"widget\" data-settings=\"{&quot;_animation&quot;:&quot;fadeInUp&quot;}\" data-widget_type=\"google_maps.default\">\n\t\t\t\t<div class=\"elementor-widget-container\">\n\t\t\t\t\t\t\t<div class=\"elementor-custom-embed\">\n\t\t\t<iframe loading=\"lazy\"\n\t\t\t\t\tsrc=\"https:\/\/maps.google.com\/maps?q=otrans%20guatemala&#038;t=m&#038;z=16&#038;output=embed&#038;iwloc=near\"\n\t\t\t\t\ttitle=\"other guatemala\"\n\t\t\t\t\taria-label=\"other guatemala\"\n\t\t\t><\/iframe>\n\t\t<\/div>\n\t\t\t\t\t\t<\/div>\n\t\t\t\t<\/div>\n\t\t\t\t\t<\/div>\n\t\t<\/div>\n\t\t\t\t\t<\/div>\n\t\t<\/section>\n\t\t\t\t<section class=\"elementor-section elementor-top-section elementor-element elementor-element-147ddfbd elementor-section-boxed elementor-section-height-default elementor-section-height-default\" data-id=\"147ddfbd\" data-element_type=\"section\">\n\t\t\t\t\t\t<div class=\"elementor-container elementor-column-gap-default\">\n\t\t\t\t\t<div class=\"elementor-column elementor-col-33 elementor-top-column elementor-element elementor-element-4adb265\" data-id=\"4adb265\" data-element_type=\"column\">\n\t\t\t<div class=\"elementor-widget-wrap elementor-element-populated\">\n\t\t\t\t\t\t<div class=\"elementor-element elementor-element-6483e5f9 ekit-equal-height-enable elementor-invisible elementor-widget elementor-widget-elementskit-icon-box\" data-id=\"6483e5f9\" data-element_type=\"widget\" data-settings=\"{&quot;_animation&quot;:&quot;fadeInUp&quot;}\" data-widget_type=\"elementskit-icon-box.default\">\n\t\t\t\t<div class=\"elementor-widget-container\">\n\t\t\t\t\t<div class=\"ekit-wid-con\" >        <!-- link opening -->\n                <!-- end link opening -->\n\n        <div class=\"elementskit-infobox text-left text-left icon-lef-right-aligin elementor-animation- media gradient-active  hover_from_bottom\">\n                    <div class=\"elementskit-box-header elementor-animation-\">\n                <div class=\"elementskit-info-box-icon  text-center\">\n                    <i aria-hidden=\"true\" class=\"elementkit-infobox-icon fas fa-envelope-open-text\"><\/i>\n                <\/div>\n          <\/div>\n                        <div class=\"box-body\">\n                            <h3 class=\"elementskit-info-box-title\">\n                    Contact                <\/h3>\n                        \t\t  \t<p>+502 2251 0685 infootrans@gmail.com<\/p>\n                                <\/div>\n        \n        \n                <\/div>\n        <\/div>\t\t\t\t<\/div>\n\t\t\t\t<\/div>\n\t\t\t\t\t<\/div>\n\t\t<\/div>\n\t\t\t\t<div class=\"elementor-column elementor-col-33 elementor-top-column elementor-element elementor-element-35a29bcf\" data-id=\"35a29bcf\" data-element_type=\"column\">\n\t\t\t<div class=\"elementor-widget-wrap elementor-element-populated\">\n\t\t\t\t\t\t<div class=\"elementor-element elementor-element-4cc101fd ekit-equal-height-enable elementor-invisible elementor-widget elementor-widget-elementskit-icon-box\" data-id=\"4cc101fd\" data-element_type=\"widget\" data-settings=\"{&quot;_animation&quot;:&quot;fadeInUp&quot;}\" data-widget_type=\"elementskit-icon-box.default\">\n\t\t\t\t<div class=\"elementor-widget-container\">\n\t\t\t\t\t<div class=\"ekit-wid-con\" >        <!-- link opening -->\n                <!-- end link opening -->\n\n        <div class=\"elementskit-infobox text-left text-left icon-lef-right-aligin elementor-animation- media gradient-active  hover_from_bottom\">\n                    <div class=\"elementskit-box-header elementor-animation-\">\n                <div class=\"elementskit-info-box-icon  text-center\">\n                    <i aria-hidden=\"true\" class=\"elementkit-infobox-icon fas fa-map-marker-alt\"><\/i>\n                <\/div>\n          <\/div>\n                        <div class=\"box-body\">\n                            <h3 class=\"elementskit-info-box-title\">\n                    Ubicaci\u00f3n                <\/h3>\n                        \t\t  \t<p>PAN AM Building, 6a. avenida 11-43 zone 1, Fourth Level Office 401<\/p>\n                                <\/div>\n        \n        \n                <\/div>\n        <\/div>\t\t\t\t<\/div>\n\t\t\t\t<\/div>\n\t\t\t\t\t<\/div>\n\t\t<\/div>\n\t\t\t\t<div class=\"elementor-column elementor-col-33 elementor-top-column elementor-element elementor-element-31243652\" data-id=\"31243652\" data-element_type=\"column\">\n\t\t\t<div class=\"elementor-widget-wrap elementor-element-populated\">\n\t\t\t\t\t\t<div class=\"elementor-element elementor-element-211c7851 ekit-equal-height-enable elementor-invisible elementor-widget elementor-widget-elementskit-icon-box\" data-id=\"211c7851\" data-element_type=\"widget\" data-settings=\"{&quot;_animation&quot;:&quot;fadeInUp&quot;}\" data-widget_type=\"elementskit-icon-box.default\">\n\t\t\t\t<div class=\"elementor-widget-container\">\n\t\t\t\t\t<div class=\"ekit-wid-con\" >        <!-- link opening -->\n                <!-- end link opening -->\n\n        <div class=\"elementskit-infobox text-left text-left icon-lef-right-aligin elementor-animation- media gradient-active  hover_from_bottom\">\n                    <div class=\"elementskit-box-header elementor-animation-\">\n                <div class=\"elementskit-info-box-icon  text-center\">\n                    <i aria-hidden=\"true\" class=\"elementkit-infobox-icon icon icon-hours-support\"><\/i>\n                <\/div>\n          <\/div>\n                        <div class=\"box-body\">\n                            <h3 class=\"elementskit-info-box-title\">\n                    Horario                <\/h3>\n                        \t\t  \t<p>Lunes - Viernes<br> (8:00 -17:00)<br>\nSaturday - Closed Sunday - Closed\n<\/p>\n                                <\/div>\n        \n        \n                <\/div>\n        <\/div>\t\t\t\t<\/div>\n\t\t\t\t<\/div>\n\t\t\t\t\t<\/div>\n\t\t<\/div>\n\t\t\t\t\t<\/div>\n\t\t<\/section>\n\t\t\t\t<\/div>","protected":false},"excerpt":{"rendered":"<p>Contacto Inicio Contacto EStamos para apoyarte Cont\u00e1ctenos Contacto +502 2251 0685 infootrans@gmail.com Ubicaci\u00f3n Edificio PAN AM, 6a. avenida 11-43 zona 1, Cuarto Nivel Oficina 401 Horario Lunes &#8211; Viernes (8:00 -17:00) S\u00e1bado &#8211; Cerrado Domingo &#8211; Cerrado<\/p>","protected":false},"author":1,"featured_media":0,"parent":0,"menu_order":0,"comment_status":"closed","ping_status":"closed","template":"","meta":{"_monsterinsights_skip_tracking":false,"_monsterinsights_sitenote_active":false,"_monsterinsights_sitenote_note":"","_monsterinsights_sitenote_category":0,"footnotes":""},"class_list":["post-63","page","type-page","status-publish","hentry"],"yoast_head":"<!-- This site is optimized with the Yoast SEO plugin v26.5 - https:\/\/yoast.com\/wordpress\/plugins\/seo\/ -->\n<title>Cont\u00e1ctanos - Reinas de la noche<\/title>\n<meta name=\"robots\" content=\"index, follow, max-snippet:-1, max-image-preview:large, max-video-preview:-1\" \/>\n<link rel=\"canonical\" href=\"https:\/\/reinasdelanoche.org.gt\/en\/contactanos\/\" \/>\n<meta property=\"og:locale\" content=\"en_US\" \/>\n<meta property=\"og:type\" content=\"article\" \/>\n<meta property=\"og:title\" content=\"Cont\u00e1ctanos - Reinas de la noche\" \/>\n<meta property=\"og:description\" content=\"Contacto Inicio Contacto EStamos para apoyarte Cont\u00e1ctenos Contacto +502 2251 0685 infootrans@gmail.com Ubicaci\u00f3n Edificio PAN AM, 6a. avenida 11-43 zona 1, Cuarto Nivel Oficina 401 Horario Lunes &#8211; Viernes (8:00 -17:00) S\u00e1bado &#8211; Cerrado Domingo &#8211; Cerrado\" \/>\n<meta property=\"og:url\" content=\"https:\/\/reinasdelanoche.org.gt\/en\/contactanos\/\" \/>\n<meta property=\"og:site_name\" content=\"Reinas de la noche\" \/>\n<meta property=\"article:publisher\" content=\"https:\/\/www.facebook.com\/reinasdelanoche1\/\" \/>\n<meta property=\"article:modified_time\" content=\"2024-07-15T22:02:32+00:00\" \/>\n<meta property=\"og:image\" content=\"https:\/\/reinasdelanoche.org.gt\/wp-content\/uploads\/2022\/05\/cropped-Logo-Vertical-Principal-con-lema.png\" \/>\n\t<meta property=\"og:image:width\" content=\"512\" \/>\n\t<meta property=\"og:image:height\" content=\"512\" \/>\n\t<meta property=\"og:image:type\" content=\"image\/png\" \/>\n<meta name=\"twitter:card\" content=\"summary_large_image\" \/>\n<meta name=\"twitter:site\" content=\"@InfoOTRANS\" \/>\n<meta name=\"twitter:label1\" content=\"Est. reading time\" \/>\n\t<meta name=\"twitter:data1\" content=\"1 minute\" \/>\n<script type=\"application\/ld+json\" class=\"yoast-schema-graph\">{\"@context\":\"https:\/\/schema.org\",\"@graph\":[{\"@type\":\"WebPage\",\"@id\":\"https:\/\/reinasdelanoche.org.gt\/contactanos\/\",\"url\":\"https:\/\/reinasdelanoche.org.gt\/contactanos\/\",\"name\":\"Cont\u00e1ctanos - Reinas de la noche\",\"isPartOf\":{\"@id\":\"https:\/\/reinasdelanoche.org.gt\/#website\"},\"datePublished\":\"2022-05-04T18:21:28+00:00\",\"dateModified\":\"2024-07-15T22:02:32+00:00\",\"breadcrumb\":{\"@id\":\"https:\/\/reinasdelanoche.org.gt\/contactanos\/#breadcrumb\"},\"inLanguage\":\"en-US\",\"potentialAction\":[{\"@type\":\"ReadAction\",\"target\":[\"https:\/\/reinasdelanoche.org.gt\/contactanos\/\"]}]},{\"@type\":\"BreadcrumbList\",\"@id\":\"https:\/\/reinasdelanoche.org.gt\/contactanos\/#breadcrumb\",\"itemListElement\":[{\"@type\":\"ListItem\",\"position\":1,\"name\":\"Portada\",\"item\":\"https:\/\/reinasdelanoche.org.gt\/\"},{\"@type\":\"ListItem\",\"position\":2,\"name\":\"Cont\u00e1ctanos\"}]},{\"@type\":\"WebSite\",\"@id\":\"https:\/\/reinasdelanoche.org.gt\/#website\",\"url\":\"https:\/\/reinasdelanoche.org.gt\/\",\"name\":\"Reinas de la noche\",\"description\":\"OTRANS\",\"publisher\":{\"@id\":\"https:\/\/reinasdelanoche.org.gt\/#organization\"},\"potentialAction\":[{\"@type\":\"SearchAction\",\"target\":{\"@type\":\"EntryPoint\",\"urlTemplate\":\"https:\/\/reinasdelanoche.org.gt\/?s={search_term_string}\"},\"query-input\":{\"@type\":\"PropertyValueSpecification\",\"valueRequired\":true,\"valueName\":\"search_term_string\"}}],\"inLanguage\":\"en-US\"},{\"@type\":\"Organization\",\"@id\":\"https:\/\/reinasdelanoche.org.gt\/#organization\",\"name\":\"Reinas de la noche OTRANS\",\"alternateName\":\"OTRANS\",\"url\":\"https:\/\/reinasdelanoche.org.gt\/\",\"logo\":{\"@type\":\"ImageObject\",\"inLanguage\":\"en-US\",\"@id\":\"https:\/\/reinasdelanoche.org.gt\/#\/schema\/logo\/image\/\",\"url\":\"https:\/\/reinasdelanoche.org.gt\/wp-content\/uploads\/2022\/05\/cropped-Logo-Vertical-Principal-con-lema.png\",\"contentUrl\":\"https:\/\/reinasdelanoche.org.gt\/wp-content\/uploads\/2022\/05\/cropped-Logo-Vertical-Principal-con-lema.png\",\"width\":512,\"height\":512,\"caption\":\"Reinas de la noche OTRANS\"},\"image\":{\"@id\":\"https:\/\/reinasdelanoche.org.gt\/#\/schema\/logo\/image\/\"},\"sameAs\":[\"https:\/\/www.facebook.com\/reinasdelanoche1\/\",\"https:\/\/x.com\/InfoOTRANS\"]}]}<\/script>\n<!-- \/ Yoast SEO plugin. -->","yoast_head_json":{"title":"Cont\u00e1ctanos - Reinas de la noche","robots":{"index":"index","follow":"follow","max-snippet":"max-snippet:-1","max-image-preview":"max-image-preview:large","max-video-preview":"max-video-preview:-1"},"canonical":"https:\/\/reinasdelanoche.org.gt\/en\/contactanos\/","og_locale":"en_US","og_type":"article","og_title":"Cont\u00e1ctanos - Reinas de la noche","og_description":"Contacto Inicio Contacto EStamos para apoyarte Cont\u00e1ctenos Contacto +502 2251 0685 infootrans@gmail.com Ubicaci\u00f3n Edificio PAN AM, 6a. avenida 11-43 zona 1, Cuarto Nivel Oficina 401 Horario Lunes &#8211; Viernes (8:00 -17:00) S\u00e1bado &#8211; Cerrado Domingo &#8211; Cerrado","og_url":"https:\/\/reinasdelanoche.org.gt\/en\/contactanos\/","og_site_name":"Reinas de la noche","article_publisher":"https:\/\/www.facebook.com\/reinasdelanoche1\/","article_modified_time":"2024-07-15T22:02:32+00:00","og_image":[{"width":512,"height":512,"url":"https:\/\/reinasdelanoche.org.gt\/wp-content\/uploads\/2022\/05\/cropped-Logo-Vertical-Principal-con-lema.png","type":"image\/png"}],"twitter_card":"summary_large_image","twitter_site":"@InfoOTRANS","twitter_misc":{"Est. reading time":"1 minute"},"schema":{"@context":"https:\/\/schema.org","@graph":[{"@type":"WebPage","@id":"https:\/\/reinasdelanoche.org.gt\/contactanos\/","url":"https:\/\/reinasdelanoche.org.gt\/contactanos\/","name":"Cont\u00e1ctanos - Reinas de la noche","isPartOf":{"@id":"https:\/\/reinasdelanoche.org.gt\/#website"},"datePublished":"2022-05-04T18:21:28+00:00","dateModified":"2024-07-15T22:02:32+00:00","breadcrumb":{"@id":"https:\/\/reinasdelanoche.org.gt\/contactanos\/#breadcrumb"},"inLanguage":"en-US","potentialAction":[{"@type":"ReadAction","target":["https:\/\/reinasdelanoche.org.gt\/contactanos\/"]}]},{"@type":"BreadcrumbList","@id":"https:\/\/reinasdelanoche.org.gt\/contactanos\/#breadcrumb","itemListElement":[{"@type":"ListItem","position":1,"name":"Portada","item":"https:\/\/reinasdelanoche.org.gt\/"},{"@type":"ListItem","position":2,"name":"Cont\u00e1ctanos"}]},{"@type":"WebSite","@id":"https:\/\/reinasdelanoche.org.gt\/#website","url":"https:\/\/reinasdelanoche.org.gt\/","name":"queens of the night","description":"OTHERS","publisher":{"@id":"https:\/\/reinasdelanoche.org.gt\/#organization"},"potentialAction":[{"@type":"SearchAction","target":{"@type":"EntryPoint","urlTemplate":"https:\/\/reinasdelanoche.org.gt\/?s={search_term_string}"},"query-input":{"@type":"PropertyValueSpecification","valueRequired":true,"valueName":"search_term_string"}}],"inLanguage":"en-US"},{"@type":"Organization","@id":"https:\/\/reinasdelanoche.org.gt\/#organization","name":"Reinas de la noche OTRANS","alternateName":"OTRANS","url":"https:\/\/reinasdelanoche.org.gt\/","logo":{"@type":"ImageObject","inLanguage":"en-US","@id":"https:\/\/reinasdelanoche.org.gt\/#\/schema\/logo\/image\/","url":"https:\/\/reinasdelanoche.org.gt\/wp-content\/uploads\/2022\/05\/cropped-Logo-Vertical-Principal-con-lema.png","contentUrl":"https:\/\/reinasdelanoche.org.gt\/wp-content\/uploads\/2022\/05\/cropped-Logo-Vertical-Principal-con-lema.png","width":512,"height":512,"caption":"Reinas de la noche OTRANS"},"image":{"@id":"https:\/\/reinasdelanoche.org.gt\/#\/schema\/logo\/image\/"},"sameAs":["https:\/\/www.facebook.com\/reinasdelanoche1\/","https:\/\/x.com\/InfoOTRANS"]}]}},"_links":{"self":[{"href":"https:\/\/reinasdelanoche.org.gt\/en\/wp-json\/wp\/v2\/pages\/63","targetHints":{"allow":["GET"]}}],"collection":[{"href":"https:\/\/reinasdelanoche.org.gt\/en\/wp-json\/wp\/v2\/pages"}],"about":[{"href":"https:\/\/reinasdelanoche.org.gt\/en\/wp-json\/wp\/v2\/types\/page"}],"author":[{"embeddable":true,"href":"https:\/\/reinasdelanoche.org.gt\/en\/wp-json\/wp\/v2\/users\/1"}],"replies":[{"embeddable":true,"href":"https:\/\/reinasdelanoche.org.gt\/en\/wp-json\/wp\/v2\/comments?post=63"}],"version-history":[{"count":51,"href":"https:\/\/reinasdelanoche.org.gt\/en\/wp-json\/wp\/v2\/pages\/63\/revisions"}],"predecessor-version":[{"id":1963,"href":"https:\/\/reinasdelanoche.org.gt\/en\/wp-json\/wp\/v2\/pages\/63\/revisions\/1963"}],"wp:attachment":[{"href":"https:\/\/reinasdelanoche.org.gt\/en\/wp-json\/wp\/v2\/media?parent=63"}],"curies":[{"name":"wp","href":"https:\/\/api.w.org\/{rel}","templated":true}]}}