{"id":59,"date":"2022-05-04T18:06:20","date_gmt":"2022-05-04T18:06:20","guid":{"rendered":"https:\/\/reinasdelanoche.org.gt\/?page_id=59"},"modified":"2024-07-15T15:29:09","modified_gmt":"2024-07-15T21:29:09","slug":"noticias","status":"publish","type":"page","link":"https:\/\/reinasdelanoche.org.gt\/en\/noticias\/","title":{"rendered":"News"},"content":{"rendered":"<div data-elementor-type=\"wp-page\" data-elementor-id=\"59\" class=\"elementor elementor-59\" data-elementor-post-type=\"page\">\n\t\t\t\t\t\t<section class=\"elementor-section elementor-top-section elementor-element elementor-element-fb1d27e elementor-section-height-min-height elementor-section-boxed elementor-section-height-default elementor-section-items-middle\" data-id=\"fb1d27e\" data-element_type=\"section\" data-settings=\"{&quot;background_background&quot;:&quot;classic&quot;}\">\n\t\t\t\t\t\t\t<div class=\"elementor-background-overlay\"><\/div>\n\t\t\t\t\t\t\t<div class=\"elementor-container elementor-column-gap-default\">\n\t\t\t\t\t<div class=\"elementor-column elementor-col-100 elementor-top-column elementor-element elementor-element-0a97632\" data-id=\"0a97632\" data-element_type=\"column\">\n\t\t\t<div class=\"elementor-widget-wrap elementor-element-populated\">\n\t\t\t\t\t\t<div class=\"elementor-element elementor-element-4d8c4f7 elementor-invisible elementor-widget elementor-widget-heading\" data-id=\"4d8c4f7\" data-element_type=\"widget\" data-settings=\"{&quot;_animation&quot;:&quot;fadeInUp&quot;}\" data-widget_type=\"heading.default\">\n\t\t\t\t<div class=\"elementor-widget-container\">\n\t\t\t\t\t<h1 class=\"elementor-heading-title elementor-size-default\">News<\/h1>\t\t\t\t<\/div>\n\t\t\t\t<\/div>\n\t\t\t\t<div class=\"elementor-element elementor-element-635bc04 elementor-icon-list--layout-inline elementor-align-left elementor-list-item-link-full_width elementor-invisible elementor-widget elementor-widget-icon-list\" data-id=\"635bc04\" data-element_type=\"widget\" data-settings=\"{&quot;_animation&quot;:&quot;fadeInUp&quot;}\" data-widget_type=\"icon-list.default\">\n\t\t\t\t<div class=\"elementor-widget-container\">\n\t\t\t\t\t\t\t<ul class=\"elementor-icon-list-items elementor-inline-items\">\n\t\t\t\t\t\t\t<li class=\"elementor-icon-list-item elementor-inline-item\">\n\t\t\t\t\t\t\t\t\t\t\t<a href=\"#\">\n\n\t\t\t\t\t\t\t\t\t\t\t\t<span class=\"elementor-icon-list-icon\">\n\t\t\t\t\t\t\t<i aria-hidden=\"true\" class=\"fas fa-home\"><\/i>\t\t\t\t\t\t<\/span>\n\t\t\t\t\t\t\t\t\t\t<span class=\"elementor-icon-list-text\">Home<\/span>\n\t\t\t\t\t\t\t\t\t\t\t<\/a>\n\t\t\t\t\t\t\t\t\t<\/li>\n\t\t\t\t\t\t\t\t<li class=\"elementor-icon-list-item elementor-inline-item\">\n\t\t\t\t\t\t\t\t\t\t\t<span class=\"elementor-icon-list-icon\">\n\t\t\t\t\t\t\t<i aria-hidden=\"true\" class=\"fas fa-angle-right\"><\/i>\t\t\t\t\t\t<\/span>\n\t\t\t\t\t\t\t\t\t\t<span class=\"elementor-icon-list-text\">News<\/span>\n\t\t\t\t\t\t\t\t\t<\/li>\n\t\t\t\t\t\t<\/ul>\n\t\t\t\t\t\t<\/div>\n\t\t\t\t<\/div>\n\t\t\t\t\t<\/div>\n\t\t<\/div>\n\t\t\t\t\t<\/div>\n\t\t<\/section>\n\t\t\t\t<section class=\"elementor-section elementor-top-section elementor-element elementor-element-16eb7e1 elementor-section-boxed elementor-section-height-default elementor-section-height-default\" data-id=\"16eb7e1\" data-element_type=\"section\">\n\t\t\t\t\t\t<div class=\"elementor-container elementor-column-gap-default\">\n\t\t\t\t\t<div class=\"elementor-column elementor-col-100 elementor-top-column elementor-element elementor-element-8ddf34e\" data-id=\"8ddf34e\" data-element_type=\"column\">\n\t\t\t<div class=\"elementor-widget-wrap elementor-element-populated\">\n\t\t\t\t\t\t<div class=\"elementor-element elementor-element-687e3aa elementor-widget elementor-widget-elementskit-blog-posts\" data-id=\"687e3aa\" data-element_type=\"widget\" data-widget_type=\"elementskit-blog-posts.default\">\n\t\t\t\t<div class=\"elementor-widget-container\">\n\t\t\t\t\t<div class=\"ekit-wid-con\" >        <div id=\"post-items--687e3aa\" class=\"row post-items\">\n                    <div class=\"col-md-12\">\n\n                                    <div class=\"elementskit-blog-block-post\">\n                        <div class=\"row no-gutters\">\n                                                            <div class=\"col-md-6 order-1\">\n                                    <a href=\"https:\/\/reinasdelanoche.org.gt\/en\/nombrar-para-existir-la-urgencia-de-incluir-variables-de-identidad-de-genero-en-guatemala\/\" class=\"elementskit-entry-thumb\">\n                                        <img decoding=\"async\" src=\"https:\/\/reinasdelanoche.org.gt\/wp-content\/uploads\/2025\/09\/2025-08-29-Reunion-en-MSPAS-variables-Trans-1-1024x460.jpeg\" alt=\"Nombrar para existir: la urgencia de incluir variables de identidad de g\u00e9nero en Guatemala\">\n                                    <\/a><!-- .elementskit-entry-thumb END -->\n                                <\/div>\n                            \n                            <div class=\"col-md-6 order-2\">\n                                <div class=\"elementskit-post-body\">\n                                    <div class=\"elementskit-entry-header\">\n                                        \n                                                                                            \t\t\t\t\t                                            \n                                            \n                                                                                            \t\t\t\t<h2 class=\"entry-title\">\n\t\t\t\t\t<a href=\"https:\/\/reinasdelanoche.org.gt\/en\/nombrar-para-existir-la-urgencia-de-incluir-variables-de-identidad-de-genero-en-guatemala\/\">\n\t\t\t\t\t\tNombrar para existir: la urgencia de incluir variables de identidad de g\u00e9nero en Guatemala\t\t\t\t\t<\/a>\n\t\t\t\t<\/h2>\n\t\t\t                                                                                <\/div><!-- .elementskit-entry-header END -->\n\n                                                                            <div class=\"elementskit-post-footer\">\n                                                                                            <p>Nombrar para existir: la urgencia de incluir variables de identidad de g\u00e9nero en Guatemala En una reuni\u00f3n realizada en el Ministerio de Salud P\u00fablica y Asistencia Social, nuestra directora ejecutiva Stacy Vel\u00e1squez subray\u00f3 lo vital que resulta incorporar variables de identidad de g\u00e9nero \u2014como mujer trans, hombre trans, persona no binaria, queer e intersex\u2014 en [&hellip;]<\/p>\n                                                                                                                                <\/div><!-- .elementskit-post-footer END -->\n                                                                    <\/div><!-- .elementskit-post-body END -->\n                            <\/div>\n                        <\/div>\n                    <\/div><!-- .elementskit-blog-block-post .radius .gradient-bg END -->\n                \n            <\/div>\n                    <div class=\"col-md-12\">\n\n                                    <div class=\"elementskit-blog-block-post\">\n                        <div class=\"row no-gutters\">\n                                                            <div class=\"col-md-6 order-1\">\n                                    <a href=\"https:\/\/reinasdelanoche.org.gt\/en\/1980-2\/\" class=\"elementskit-entry-thumb\">\n                                        <img decoding=\"async\" src=\"https:\/\/reinasdelanoche.org.gt\/wp-content\/uploads\/2025\/02\/IMG_20241127_112956-e1739895306655-821x1024.jpg\" alt=\"\u00bfPor qu\u00e9 es importante la Ley Integral de VIH en Guatemala?\">\n                                    <\/a><!-- .elementskit-entry-thumb END -->\n                                <\/div>\n                            \n                            <div class=\"col-md-6 order-2\">\n                                <div class=\"elementskit-post-body\">\n                                    <div class=\"elementskit-entry-header\">\n                                        \n                                                                                            \t\t\t\t\t                                            \n                                            \n                                                                                            \t\t\t\t<h2 class=\"entry-title\">\n\t\t\t\t\t<a href=\"https:\/\/reinasdelanoche.org.gt\/en\/1980-2\/\">\n\t\t\t\t\t\t\u00bfPor qu\u00e9 es importante la Ley Integral de VIH en Guatemala?\t\t\t\t\t<\/a>\n\t\t\t\t<\/h2>\n\t\t\t                                                                                <\/div><!-- .elementskit-entry-header END -->\n\n                                                                            <div class=\"elementskit-post-footer\">\n                                                                                            <p>\u00bfPor qu\u00e9 es importante la Ley Integral de VIH en Guatemala? Queridos lectores\u2026 Desde la memoria e historia sobre el VIH nos acercamos a una epidemia totalmente desconocida, que desde varias miradas nos cuenta c\u00f3mo inici\u00f3 el VIH. Guatemala se encontraba inmersa en problem\u00e1ticas como el conflicto armado interno, donde los intereses de unos pocos [&hellip;]<\/p>\n                                                                                                                                <\/div><!-- .elementskit-post-footer END -->\n                                                                    <\/div><!-- .elementskit-post-body END -->\n                            <\/div>\n                        <\/div>\n                    <\/div><!-- .elementskit-blog-block-post .radius .gradient-bg END -->\n                \n            <\/div>\n                    <div class=\"col-md-12\">\n\n                                    <div class=\"elementskit-blog-block-post\">\n                        <div class=\"row no-gutters\">\n                                                            <div class=\"col-md-6 order-1\">\n                                    <a href=\"https:\/\/reinasdelanoche.org.gt\/en\/defendiendo-derechos-otrans-rn-y-pdh-brindan-apoyo-a-mujer-trans-amenazada\/\" class=\"elementskit-entry-thumb\">\n                                        <img decoding=\"async\" src=\"https:\/\/reinasdelanoche.org.gt\/wp-content\/uploads\/2024\/05\/suchi-denuncia-1024x768.jpg\" alt=\"Defendiendo Derechos: OTRANS-RN y PDH Brindan Apoyo a Mujer Trans Amenazada\">\n                                    <\/a><!-- .elementskit-entry-thumb END -->\n                                <\/div>\n                            \n                            <div class=\"col-md-6 order-2\">\n                                <div class=\"elementskit-post-body\">\n                                    <div class=\"elementskit-entry-header\">\n                                        \n                                                                                            \t\t\t\t\t                                            \n                                            \n                                                                                            \t\t\t\t<h2 class=\"entry-title\">\n\t\t\t\t\t<a href=\"https:\/\/reinasdelanoche.org.gt\/en\/defendiendo-derechos-otrans-rn-y-pdh-brindan-apoyo-a-mujer-trans-amenazada\/\">\n\t\t\t\t\t\tDefendiendo Derechos: OTRANS-RN y PDH Brindan Apoyo a Mujer Trans Amenazada\t\t\t\t\t<\/a>\n\t\t\t\t<\/h2>\n\t\t\t                                                                                <\/div><!-- .elementskit-entry-header END -->\n\n                                                                            <div class=\"elementskit-post-footer\">\n                                                                                            <p>Defendiendo Derechos: OTRANS-RN y PDH Brindan Apoyo a Mujer Trans Amenazada En un firme compromiso con la defensa de los derechos humanos, el equipo legal de OTRANS-RN ha brindado asesor\u00eda y apoyo a una valiente compa\u00f1era, mujer trans de Suchitep\u00e9quez, quien lamentablemente ha sido v\u00edctima de amenazas. Tras recibir asesoramiento por parte de nuestro equipo, [&hellip;]<\/p>\n                                                                                                                                <\/div><!-- .elementskit-post-footer END -->\n                                                                    <\/div><!-- .elementskit-post-body END -->\n                            <\/div>\n                        <\/div>\n                    <\/div><!-- .elementskit-blog-block-post .radius .gradient-bg END -->\n                \n            <\/div>\n                <\/div>\n       <\/div>\t\t\t\t<\/div>\n\t\t\t\t<\/div>\n\t\t\t\t\t<\/div>\n\t\t<\/div>\n\t\t\t\t\t<\/div>\n\t\t<\/section>\n\t\t\t\t<\/div>","protected":false},"excerpt":{"rendered":"<p>Noticias Inicio Noticias Defendiendo Derechos: OTRANS-RN y PDH Brindan Apoyo a Mujer Trans Amenazada Defendiendo Derechos: OTRANS-RN y PDH Brindan Apoyo a Mujer Trans Amenazada En un firme compromiso con la defensa de los derechos humanos, el equipo legal de OTRANS-RN ha brindado asesor\u00eda y apoyo a una valiente compa\u00f1era, mujer trans de Suchitep\u00e9quez, quien [&hellip;]<\/p>","protected":false},"author":1,"featured_media":0,"parent":0,"menu_order":0,"comment_status":"closed","ping_status":"closed","template":"","meta":{"_monsterinsights_skip_tracking":false,"_monsterinsights_sitenote_active":false,"_monsterinsights_sitenote_note":"","_monsterinsights_sitenote_category":0,"footnotes":""},"class_list":["post-59","page","type-page","status-publish","hentry"],"yoast_head":"<!-- This site is optimized with the Yoast SEO plugin v26.5 - https:\/\/yoast.com\/wordpress\/plugins\/seo\/ -->\n<title>Noticias - Reinas de la noche<\/title>\n<meta name=\"robots\" content=\"index, follow, max-snippet:-1, max-image-preview:large, max-video-preview:-1\" \/>\n<link rel=\"canonical\" href=\"https:\/\/reinasdelanoche.org.gt\/en\/noticias\/\" \/>\n<meta property=\"og:locale\" content=\"en_US\" \/>\n<meta property=\"og:type\" content=\"article\" \/>\n<meta property=\"og:title\" content=\"Noticias - Reinas de la noche\" \/>\n<meta property=\"og:description\" content=\"Noticias Inicio Noticias Defendiendo Derechos: OTRANS-RN y PDH Brindan Apoyo a Mujer Trans Amenazada Defendiendo Derechos: OTRANS-RN y PDH Brindan Apoyo a Mujer Trans Amenazada En un firme compromiso con la defensa de los derechos humanos, el equipo legal de OTRANS-RN ha brindado asesor\u00eda y apoyo a una valiente compa\u00f1era, mujer trans de Suchitep\u00e9quez, quien [&hellip;]\" \/>\n<meta property=\"og:url\" content=\"https:\/\/reinasdelanoche.org.gt\/en\/noticias\/\" \/>\n<meta property=\"og:site_name\" content=\"Reinas de la noche\" \/>\n<meta property=\"article:publisher\" content=\"https:\/\/www.facebook.com\/reinasdelanoche1\/\" \/>\n<meta property=\"article:modified_time\" content=\"2024-07-15T21:29:09+00:00\" \/>\n<meta property=\"og:image\" content=\"https:\/\/reinasdelanoche.org.gt\/wp-content\/uploads\/2024\/05\/suchi-denuncia-1024x768.jpg\" \/>\n<meta name=\"twitter:card\" content=\"summary_large_image\" \/>\n<meta name=\"twitter:site\" content=\"@InfoOTRANS\" \/>\n<meta name=\"twitter:label1\" content=\"Est. reading time\" \/>\n\t<meta name=\"twitter:data1\" content=\"3 minutes\" \/>\n<script type=\"application\/ld+json\" class=\"yoast-schema-graph\">{\"@context\":\"https:\/\/schema.org\",\"@graph\":[{\"@type\":\"WebPage\",\"@id\":\"https:\/\/reinasdelanoche.org.gt\/noticias\/\",\"url\":\"https:\/\/reinasdelanoche.org.gt\/noticias\/\",\"name\":\"Noticias - Reinas de la noche\",\"isPartOf\":{\"@id\":\"https:\/\/reinasdelanoche.org.gt\/#website\"},\"primaryImageOfPage\":{\"@id\":\"https:\/\/reinasdelanoche.org.gt\/noticias\/#primaryimage\"},\"image\":{\"@id\":\"https:\/\/reinasdelanoche.org.gt\/noticias\/#primaryimage\"},\"thumbnailUrl\":\"https:\/\/reinasdelanoche.org.gt\/wp-content\/uploads\/2024\/05\/suchi-denuncia-1024x768.jpg\",\"datePublished\":\"2022-05-04T18:06:20+00:00\",\"dateModified\":\"2024-07-15T21:29:09+00:00\",\"breadcrumb\":{\"@id\":\"https:\/\/reinasdelanoche.org.gt\/noticias\/#breadcrumb\"},\"inLanguage\":\"en-US\",\"potentialAction\":[{\"@type\":\"ReadAction\",\"target\":[\"https:\/\/reinasdelanoche.org.gt\/noticias\/\"]}]},{\"@type\":\"ImageObject\",\"inLanguage\":\"en-US\",\"@id\":\"https:\/\/reinasdelanoche.org.gt\/noticias\/#primaryimage\",\"url\":\"https:\/\/reinasdelanoche.org.gt\/wp-content\/uploads\/2024\/05\/suchi-denuncia-1024x768.jpg\",\"contentUrl\":\"https:\/\/reinasdelanoche.org.gt\/wp-content\/uploads\/2024\/05\/suchi-denuncia-1024x768.jpg\"},{\"@type\":\"BreadcrumbList\",\"@id\":\"https:\/\/reinasdelanoche.org.gt\/noticias\/#breadcrumb\",\"itemListElement\":[{\"@type\":\"ListItem\",\"position\":1,\"name\":\"Portada\",\"item\":\"https:\/\/reinasdelanoche.org.gt\/\"},{\"@type\":\"ListItem\",\"position\":2,\"name\":\"Noticias\"}]},{\"@type\":\"WebSite\",\"@id\":\"https:\/\/reinasdelanoche.org.gt\/#website\",\"url\":\"https:\/\/reinasdelanoche.org.gt\/\",\"name\":\"Reinas de la noche\",\"description\":\"OTRANS\",\"publisher\":{\"@id\":\"https:\/\/reinasdelanoche.org.gt\/#organization\"},\"potentialAction\":[{\"@type\":\"SearchAction\",\"target\":{\"@type\":\"EntryPoint\",\"urlTemplate\":\"https:\/\/reinasdelanoche.org.gt\/?s={search_term_string}\"},\"query-input\":{\"@type\":\"PropertyValueSpecification\",\"valueRequired\":true,\"valueName\":\"search_term_string\"}}],\"inLanguage\":\"en-US\"},{\"@type\":\"Organization\",\"@id\":\"https:\/\/reinasdelanoche.org.gt\/#organization\",\"name\":\"Reinas de la noche OTRANS\",\"alternateName\":\"OTRANS\",\"url\":\"https:\/\/reinasdelanoche.org.gt\/\",\"logo\":{\"@type\":\"ImageObject\",\"inLanguage\":\"en-US\",\"@id\":\"https:\/\/reinasdelanoche.org.gt\/#\/schema\/logo\/image\/\",\"url\":\"https:\/\/reinasdelanoche.org.gt\/wp-content\/uploads\/2022\/05\/cropped-Logo-Vertical-Principal-con-lema.png\",\"contentUrl\":\"https:\/\/reinasdelanoche.org.gt\/wp-content\/uploads\/2022\/05\/cropped-Logo-Vertical-Principal-con-lema.png\",\"width\":512,\"height\":512,\"caption\":\"Reinas de la noche OTRANS\"},\"image\":{\"@id\":\"https:\/\/reinasdelanoche.org.gt\/#\/schema\/logo\/image\/\"},\"sameAs\":[\"https:\/\/www.facebook.com\/reinasdelanoche1\/\",\"https:\/\/x.com\/InfoOTRANS\"]}]}<\/script>\n<!-- \/ Yoast SEO plugin. -->","yoast_head_json":{"title":"Noticias - Reinas de la noche","robots":{"index":"index","follow":"follow","max-snippet":"max-snippet:-1","max-image-preview":"max-image-preview:large","max-video-preview":"max-video-preview:-1"},"canonical":"https:\/\/reinasdelanoche.org.gt\/en\/noticias\/","og_locale":"en_US","og_type":"article","og_title":"Noticias - Reinas de la noche","og_description":"Noticias Inicio Noticias Defendiendo Derechos: OTRANS-RN y PDH Brindan Apoyo a Mujer Trans Amenazada Defendiendo Derechos: OTRANS-RN y PDH Brindan Apoyo a Mujer Trans Amenazada En un firme compromiso con la defensa de los derechos humanos, el equipo legal de OTRANS-RN ha brindado asesor\u00eda y apoyo a una valiente compa\u00f1era, mujer trans de Suchitep\u00e9quez, quien [&hellip;]","og_url":"https:\/\/reinasdelanoche.org.gt\/en\/noticias\/","og_site_name":"Reinas de la noche","article_publisher":"https:\/\/www.facebook.com\/reinasdelanoche1\/","article_modified_time":"2024-07-15T21:29:09+00:00","og_image":[{"url":"https:\/\/reinasdelanoche.org.gt\/wp-content\/uploads\/2024\/05\/suchi-denuncia-1024x768.jpg","type":"","width":"","height":""}],"twitter_card":"summary_large_image","twitter_site":"@InfoOTRANS","twitter_misc":{"Est. reading time":"3 minutes"},"schema":{"@context":"https:\/\/schema.org","@graph":[{"@type":"WebPage","@id":"https:\/\/reinasdelanoche.org.gt\/noticias\/","url":"https:\/\/reinasdelanoche.org.gt\/noticias\/","name":"Noticias - Reinas de la noche","isPartOf":{"@id":"https:\/\/reinasdelanoche.org.gt\/#website"},"primaryImageOfPage":{"@id":"https:\/\/reinasdelanoche.org.gt\/noticias\/#primaryimage"},"image":{"@id":"https:\/\/reinasdelanoche.org.gt\/noticias\/#primaryimage"},"thumbnailUrl":"https:\/\/reinasdelanoche.org.gt\/wp-content\/uploads\/2024\/05\/suchi-denuncia-1024x768.jpg","datePublished":"2022-05-04T18:06:20+00:00","dateModified":"2024-07-15T21:29:09+00:00","breadcrumb":{"@id":"https:\/\/reinasdelanoche.org.gt\/noticias\/#breadcrumb"},"inLanguage":"en-US","potentialAction":[{"@type":"ReadAction","target":["https:\/\/reinasdelanoche.org.gt\/noticias\/"]}]},{"@type":"ImageObject","inLanguage":"en-US","@id":"https:\/\/reinasdelanoche.org.gt\/noticias\/#primaryimage","url":"https:\/\/reinasdelanoche.org.gt\/wp-content\/uploads\/2024\/05\/suchi-denuncia-1024x768.jpg","contentUrl":"https:\/\/reinasdelanoche.org.gt\/wp-content\/uploads\/2024\/05\/suchi-denuncia-1024x768.jpg"},{"@type":"BreadcrumbList","@id":"https:\/\/reinasdelanoche.org.gt\/noticias\/#breadcrumb","itemListElement":[{"@type":"ListItem","position":1,"name":"Portada","item":"https:\/\/reinasdelanoche.org.gt\/"},{"@type":"ListItem","position":2,"name":"Noticias"}]},{"@type":"WebSite","@id":"https:\/\/reinasdelanoche.org.gt\/#website","url":"https:\/\/reinasdelanoche.org.gt\/","name":"queens of the night","description":"OTHERS","publisher":{"@id":"https:\/\/reinasdelanoche.org.gt\/#organization"},"potentialAction":[{"@type":"SearchAction","target":{"@type":"EntryPoint","urlTemplate":"https:\/\/reinasdelanoche.org.gt\/?s={search_term_string}"},"query-input":{"@type":"PropertyValueSpecification","valueRequired":true,"valueName":"search_term_string"}}],"inLanguage":"en-US"},{"@type":"Organization","@id":"https:\/\/reinasdelanoche.org.gt\/#organization","name":"Reinas de la noche OTRANS","alternateName":"OTRANS","url":"https:\/\/reinasdelanoche.org.gt\/","logo":{"@type":"ImageObject","inLanguage":"en-US","@id":"https:\/\/reinasdelanoche.org.gt\/#\/schema\/logo\/image\/","url":"https:\/\/reinasdelanoche.org.gt\/wp-content\/uploads\/2022\/05\/cropped-Logo-Vertical-Principal-con-lema.png","contentUrl":"https:\/\/reinasdelanoche.org.gt\/wp-content\/uploads\/2022\/05\/cropped-Logo-Vertical-Principal-con-lema.png","width":512,"height":512,"caption":"Reinas de la noche OTRANS"},"image":{"@id":"https:\/\/reinasdelanoche.org.gt\/#\/schema\/logo\/image\/"},"sameAs":["https:\/\/www.facebook.com\/reinasdelanoche1\/","https:\/\/x.com\/InfoOTRANS"]}]}},"_links":{"self":[{"href":"https:\/\/reinasdelanoche.org.gt\/en\/wp-json\/wp\/v2\/pages\/59","targetHints":{"allow":["GET"]}}],"collection":[{"href":"https:\/\/reinasdelanoche.org.gt\/en\/wp-json\/wp\/v2\/pages"}],"about":[{"href":"https:\/\/reinasdelanoche.org.gt\/en\/wp-json\/wp\/v2\/types\/page"}],"author":[{"embeddable":true,"href":"https:\/\/reinasdelanoche.org.gt\/en\/wp-json\/wp\/v2\/users\/1"}],"replies":[{"embeddable":true,"href":"https:\/\/reinasdelanoche.org.gt\/en\/wp-json\/wp\/v2\/comments?post=59"}],"version-history":[{"count":24,"href":"https:\/\/reinasdelanoche.org.gt\/en\/wp-json\/wp\/v2\/pages\/59\/revisions"}],"predecessor-version":[{"id":1960,"href":"https:\/\/reinasdelanoche.org.gt\/en\/wp-json\/wp\/v2\/pages\/59\/revisions\/1960"}],"wp:attachment":[{"href":"https:\/\/reinasdelanoche.org.gt\/en\/wp-json\/wp\/v2\/media?parent=59"}],"curies":[{"name":"wp","href":"https:\/\/api.w.org\/{rel}","templated":true}]}}