{"id":1333,"date":"2022-11-22T15:21:24","date_gmt":"2022-11-22T21:21:24","guid":{"rendered":"https:\/\/reinasdelanoche.org.gt\/?page_id=1333"},"modified":"2022-11-22T23:10:31","modified_gmt":"2022-11-23T05:10:31","slug":"hemeroteca90s","status":"publish","type":"page","link":"https:\/\/reinasdelanoche.org.gt\/en\/hemeroteca90s\/","title":{"rendered":"Hemeroteca de los noventas"},"content":{"rendered":"<p><img fetchpriority=\"high\" decoding=\"async\" class=\"alignnone size-medium wp-image-1311 aligncenter\" src=\"https:\/\/reinasdelanoche.org.gt\/wp-content\/uploads\/2022\/11\/Iogo-Piano-300x206.png\" alt=\"\" width=\"300\" height=\"206\" srcset=\"https:\/\/reinasdelanoche.org.gt\/wp-content\/uploads\/2022\/11\/Iogo-Piano-300x206.png 300w, https:\/\/reinasdelanoche.org.gt\/wp-content\/uploads\/2022\/11\/Iogo-Piano-18x12.png 18w, https:\/\/reinasdelanoche.org.gt\/wp-content\/uploads\/2022\/11\/Iogo-Piano.png 687w\" sizes=\"(max-width: 300px) 100vw, 300px\" \/><\/p>\n<h1 style=\"text-align: center;\"><span style=\"color: #800000;\"><strong>90s Files<\/strong><\/span><\/h1>\n<p><img decoding=\"async\" class=\"size-medium wp-image-1334 aligncenter\" src=\"https:\/\/reinasdelanoche.org.gt\/wp-content\/uploads\/2022\/11\/6-300x225.jpg\" alt=\"\" width=\"300\" height=\"225\" srcset=\"https:\/\/reinasdelanoche.org.gt\/wp-content\/uploads\/2022\/11\/6-300x225.jpg 300w, https:\/\/reinasdelanoche.org.gt\/wp-content\/uploads\/2022\/11\/6-768x576.jpg 768w, https:\/\/reinasdelanoche.org.gt\/wp-content\/uploads\/2022\/11\/6-16x12.jpg 16w, https:\/\/reinasdelanoche.org.gt\/wp-content\/uploads\/2022\/11\/6.jpg 1024w\" sizes=\"(max-width: 300px) 100vw, 300px\" \/><\/p>\n<p style=\"text-align: center;\"><strong><span style=\"color: #800000;\">Mar\u00eda Conchita Alonso. 1,997<\/span><\/strong><\/p>\n<p><span style=\"color: #808000;\"><em><span style=\"color: #808000;\">Transvestite person from Jutiapa. She was a sex worker in the streets of Guatemala City Dowtown. She was murdered by a shot, a few steps from OASIS headquarters, an LGBT organization from the 1990s, on 5 avenue and 11 street in zone one. The possible attackers were identified as members of the Guatemalan Army.<\/span><\/em><\/span><span style=\"color: #808000;\"><em>The Friends of Mar\u00eda Conchita Association was created, which held a mass and walk, considered the first LGBT march in the country. His death sparked international complaints against the government of Alvaro Arz\u00fa.<\/em><\/span><\/p>\n<p>&nbsp;<\/p>\n<p>&nbsp;<\/p>\n<p><img decoding=\"async\" class=\"size-medium wp-image-1335 aligncenter\" src=\"https:\/\/reinasdelanoche.org.gt\/wp-content\/uploads\/2022\/11\/7-300x225.jpg\" alt=\"\" width=\"300\" height=\"225\" srcset=\"https:\/\/reinasdelanoche.org.gt\/wp-content\/uploads\/2022\/11\/7-300x225.jpg 300w, https:\/\/reinasdelanoche.org.gt\/wp-content\/uploads\/2022\/11\/7-768x576.jpg 768w, https:\/\/reinasdelanoche.org.gt\/wp-content\/uploads\/2022\/11\/7-16x12.jpg 16w, https:\/\/reinasdelanoche.org.gt\/wp-content\/uploads\/2022\/11\/7.jpg 1024w\" sizes=\"(max-width: 300px) 100vw, 300px\" \/><\/p>\n<p style=\"text-align: center;\"><span style=\"color: #800000;\"><strong>Stacy Estupinian. 1,997<\/strong><\/span><\/p>\n<p><span style=\"color: #808000;\"><em>Young drag queen, known in gay circles for her participation in beauty and music shows at nightclubs like Cach\u00e9. Beaten almost to death, abandoned on a road on the outskirts of Guatemala, she would be transferred to a hospital, where she died days later. The only way to identify by a recent eclipse tattoo in her body.<\/em><\/span><\/p>\n<p>&nbsp;<\/p>\n<p>&nbsp;<\/p>\n<p><img loading=\"lazy\" decoding=\"async\" class=\"size-medium wp-image-1336 aligncenter\" src=\"https:\/\/reinasdelanoche.org.gt\/wp-content\/uploads\/2022\/11\/8-300x225.jpg\" alt=\"\" width=\"300\" height=\"225\" srcset=\"https:\/\/reinasdelanoche.org.gt\/wp-content\/uploads\/2022\/11\/8-300x225.jpg 300w, https:\/\/reinasdelanoche.org.gt\/wp-content\/uploads\/2022\/11\/8-768x576.jpg 768w, https:\/\/reinasdelanoche.org.gt\/wp-content\/uploads\/2022\/11\/8-16x12.jpg 16w, https:\/\/reinasdelanoche.org.gt\/wp-content\/uploads\/2022\/11\/8.jpg 1024w\" sizes=\"(max-width: 300px) 100vw, 300px\" \/><\/p>\n<p style=\"text-align: center;\"><span style=\"color: #800000;\"><strong>Astrid La Fontain. 2,000<\/strong><\/span><\/p>\n<p><span style=\"color: #808000;\"><em>Feminine in appearance. She stood out for her professional makeup, imposing fashion among drag queens and bringing transgender women closer to a more natural makeup. She entered the discoteques always crowned. It is said that \"She covered her nose when entering such places\" as a sign of contempt for the hypocrisy of the community. Defender of non-violence against transgender people. Murdered in the 5th. Avenue and 12 street. The attacker uttered an insult at the time of killing her: \"Faggot you had to be.\" It was veiled by the OASIS Organization.<\/em><\/span><\/p>\n<p>&nbsp;<\/p>\n<p><a href=\"https:\/\/reinasdelanoche.org.gt\/en\/memoria-trans\/\"><img loading=\"lazy\" decoding=\"async\" class=\"wp-image-1358 aligncenter\" src=\"https:\/\/reinasdelanoche.org.gt\/wp-content\/uploads\/2022\/11\/b4683dbc4573c51d42105b33b258c3db-300x300.png\" alt=\"\" width=\"44\" height=\"44\" srcset=\"https:\/\/reinasdelanoche.org.gt\/wp-content\/uploads\/2022\/11\/b4683dbc4573c51d42105b33b258c3db-300x300.png 300w, https:\/\/reinasdelanoche.org.gt\/wp-content\/uploads\/2022\/11\/b4683dbc4573c51d42105b33b258c3db-150x150.png 150w, https:\/\/reinasdelanoche.org.gt\/wp-content\/uploads\/2022\/11\/b4683dbc4573c51d42105b33b258c3db-12x12.png 12w, https:\/\/reinasdelanoche.org.gt\/wp-content\/uploads\/2022\/11\/b4683dbc4573c51d42105b33b258c3db.png 768w\" sizes=\"(max-width: 44px) 100vw, 44px\" \/><\/a><\/p>\n<p><span style=\"color: #ffffff;\">.<\/span><\/p>","protected":false},"excerpt":{"rendered":"<p>CASOS\u00a0 DE LOS NOVENTAS Mar\u00eda Conchita Alonso. 1,997 Persona travesti de Jutiapa. Ejerci\u00f3 el trabajo sexual en las calles del centro hist\u00f3rico de Guatemala. La asesinaron por un disparo, a pasos de la sede de OASIS, organizaci\u00f3n LGBT de los noventas,\u00a0 sobre 5 avenida y 11 calle de la zona uno. Se identificaron a los [&hellip;]<\/p>","protected":false},"author":4,"featured_media":0,"parent":0,"menu_order":0,"comment_status":"closed","ping_status":"closed","template":"","meta":{"_monsterinsights_skip_tracking":false,"_monsterinsights_sitenote_active":false,"_monsterinsights_sitenote_note":"","_monsterinsights_sitenote_category":0,"footnotes":""},"class_list":["post-1333","page","type-page","status-publish","hentry"],"yoast_head":"<!-- This site is optimized with the Yoast SEO plugin v26.5 - https:\/\/yoast.com\/wordpress\/plugins\/seo\/ -->\n<title>Hemeroteca de los noventas - Reinas de la noche<\/title>\n<meta name=\"robots\" content=\"index, follow, max-snippet:-1, max-image-preview:large, max-video-preview:-1\" \/>\n<link rel=\"canonical\" href=\"https:\/\/reinasdelanoche.org.gt\/en\/hemeroteca90s\/\" \/>\n<meta property=\"og:locale\" content=\"en_US\" \/>\n<meta property=\"og:type\" content=\"article\" \/>\n<meta property=\"og:title\" content=\"Hemeroteca de los noventas - Reinas de la noche\" \/>\n<meta property=\"og:description\" content=\"CASOS\u00a0 DE LOS NOVENTAS Mar\u00eda Conchita Alonso. 1,997 Persona travesti de Jutiapa. Ejerci\u00f3 el trabajo sexual en las calles del centro hist\u00f3rico de Guatemala. La asesinaron por un disparo, a pasos de la sede de OASIS, organizaci\u00f3n LGBT de los noventas,\u00a0 sobre 5 avenida y 11 calle de la zona uno. Se identificaron a los [&hellip;]\" \/>\n<meta property=\"og:url\" content=\"https:\/\/reinasdelanoche.org.gt\/en\/hemeroteca90s\/\" \/>\n<meta property=\"og:site_name\" content=\"Reinas de la noche\" \/>\n<meta property=\"article:publisher\" content=\"https:\/\/www.facebook.com\/reinasdelanoche1\/\" \/>\n<meta property=\"article:modified_time\" content=\"2022-11-23T05:10:31+00:00\" \/>\n<meta property=\"og:image\" content=\"https:\/\/reinasdelanoche.org.gt\/wp-content\/uploads\/2022\/11\/Iogo-Piano-300x206.png\" \/>\n<meta name=\"twitter:card\" content=\"summary_large_image\" \/>\n<meta name=\"twitter:site\" content=\"@InfoOTRANS\" \/>\n<meta name=\"twitter:label1\" content=\"Est. reading time\" \/>\n\t<meta name=\"twitter:data1\" content=\"3 minutes\" \/>\n<script type=\"application\/ld+json\" class=\"yoast-schema-graph\">{\"@context\":\"https:\/\/schema.org\",\"@graph\":[{\"@type\":\"WebPage\",\"@id\":\"https:\/\/reinasdelanoche.org.gt\/hemeroteca90s\/\",\"url\":\"https:\/\/reinasdelanoche.org.gt\/hemeroteca90s\/\",\"name\":\"Hemeroteca de los noventas - Reinas de la noche\",\"isPartOf\":{\"@id\":\"https:\/\/reinasdelanoche.org.gt\/#website\"},\"primaryImageOfPage\":{\"@id\":\"https:\/\/reinasdelanoche.org.gt\/hemeroteca90s\/#primaryimage\"},\"image\":{\"@id\":\"https:\/\/reinasdelanoche.org.gt\/hemeroteca90s\/#primaryimage\"},\"thumbnailUrl\":\"https:\/\/reinasdelanoche.org.gt\/wp-content\/uploads\/2022\/11\/Iogo-Piano-300x206.png\",\"datePublished\":\"2022-11-22T21:21:24+00:00\",\"dateModified\":\"2022-11-23T05:10:31+00:00\",\"breadcrumb\":{\"@id\":\"https:\/\/reinasdelanoche.org.gt\/hemeroteca90s\/#breadcrumb\"},\"inLanguage\":\"en-US\",\"potentialAction\":[{\"@type\":\"ReadAction\",\"target\":[\"https:\/\/reinasdelanoche.org.gt\/hemeroteca90s\/\"]}]},{\"@type\":\"ImageObject\",\"inLanguage\":\"en-US\",\"@id\":\"https:\/\/reinasdelanoche.org.gt\/hemeroteca90s\/#primaryimage\",\"url\":\"https:\/\/reinasdelanoche.org.gt\/wp-content\/uploads\/2022\/11\/Iogo-Piano-300x206.png\",\"contentUrl\":\"https:\/\/reinasdelanoche.org.gt\/wp-content\/uploads\/2022\/11\/Iogo-Piano-300x206.png\"},{\"@type\":\"BreadcrumbList\",\"@id\":\"https:\/\/reinasdelanoche.org.gt\/hemeroteca90s\/#breadcrumb\",\"itemListElement\":[{\"@type\":\"ListItem\",\"position\":1,\"name\":\"Portada\",\"item\":\"https:\/\/reinasdelanoche.org.gt\/\"},{\"@type\":\"ListItem\",\"position\":2,\"name\":\"Hemeroteca de los noventas\"}]},{\"@type\":\"WebSite\",\"@id\":\"https:\/\/reinasdelanoche.org.gt\/#website\",\"url\":\"https:\/\/reinasdelanoche.org.gt\/\",\"name\":\"Reinas de la noche\",\"description\":\"OTRANS\",\"publisher\":{\"@id\":\"https:\/\/reinasdelanoche.org.gt\/#organization\"},\"potentialAction\":[{\"@type\":\"SearchAction\",\"target\":{\"@type\":\"EntryPoint\",\"urlTemplate\":\"https:\/\/reinasdelanoche.org.gt\/?s={search_term_string}\"},\"query-input\":{\"@type\":\"PropertyValueSpecification\",\"valueRequired\":true,\"valueName\":\"search_term_string\"}}],\"inLanguage\":\"en-US\"},{\"@type\":\"Organization\",\"@id\":\"https:\/\/reinasdelanoche.org.gt\/#organization\",\"name\":\"Reinas de la noche OTRANS\",\"alternateName\":\"OTRANS\",\"url\":\"https:\/\/reinasdelanoche.org.gt\/\",\"logo\":{\"@type\":\"ImageObject\",\"inLanguage\":\"en-US\",\"@id\":\"https:\/\/reinasdelanoche.org.gt\/#\/schema\/logo\/image\/\",\"url\":\"https:\/\/reinasdelanoche.org.gt\/wp-content\/uploads\/2022\/05\/cropped-Logo-Vertical-Principal-con-lema.png\",\"contentUrl\":\"https:\/\/reinasdelanoche.org.gt\/wp-content\/uploads\/2022\/05\/cropped-Logo-Vertical-Principal-con-lema.png\",\"width\":512,\"height\":512,\"caption\":\"Reinas de la noche OTRANS\"},\"image\":{\"@id\":\"https:\/\/reinasdelanoche.org.gt\/#\/schema\/logo\/image\/\"},\"sameAs\":[\"https:\/\/www.facebook.com\/reinasdelanoche1\/\",\"https:\/\/x.com\/InfoOTRANS\"]}]}<\/script>\n<!-- \/ Yoast SEO plugin. -->","yoast_head_json":{"title":"Hemeroteca de los noventas - Reinas de la noche","robots":{"index":"index","follow":"follow","max-snippet":"max-snippet:-1","max-image-preview":"max-image-preview:large","max-video-preview":"max-video-preview:-1"},"canonical":"https:\/\/reinasdelanoche.org.gt\/en\/hemeroteca90s\/","og_locale":"en_US","og_type":"article","og_title":"Hemeroteca de los noventas - Reinas de la noche","og_description":"CASOS\u00a0 DE LOS NOVENTAS Mar\u00eda Conchita Alonso. 1,997 Persona travesti de Jutiapa. Ejerci\u00f3 el trabajo sexual en las calles del centro hist\u00f3rico de Guatemala. La asesinaron por un disparo, a pasos de la sede de OASIS, organizaci\u00f3n LGBT de los noventas,\u00a0 sobre 5 avenida y 11 calle de la zona uno. Se identificaron a los [&hellip;]","og_url":"https:\/\/reinasdelanoche.org.gt\/en\/hemeroteca90s\/","og_site_name":"Reinas de la noche","article_publisher":"https:\/\/www.facebook.com\/reinasdelanoche1\/","article_modified_time":"2022-11-23T05:10:31+00:00","og_image":[{"url":"https:\/\/reinasdelanoche.org.gt\/wp-content\/uploads\/2022\/11\/Iogo-Piano-300x206.png","type":"","width":"","height":""}],"twitter_card":"summary_large_image","twitter_site":"@InfoOTRANS","twitter_misc":{"Est. reading time":"3 minutes"},"schema":{"@context":"https:\/\/schema.org","@graph":[{"@type":"WebPage","@id":"https:\/\/reinasdelanoche.org.gt\/hemeroteca90s\/","url":"https:\/\/reinasdelanoche.org.gt\/hemeroteca90s\/","name":"Hemeroteca de los noventas - Reinas de la noche","isPartOf":{"@id":"https:\/\/reinasdelanoche.org.gt\/#website"},"primaryImageOfPage":{"@id":"https:\/\/reinasdelanoche.org.gt\/hemeroteca90s\/#primaryimage"},"image":{"@id":"https:\/\/reinasdelanoche.org.gt\/hemeroteca90s\/#primaryimage"},"thumbnailUrl":"https:\/\/reinasdelanoche.org.gt\/wp-content\/uploads\/2022\/11\/Iogo-Piano-300x206.png","datePublished":"2022-11-22T21:21:24+00:00","dateModified":"2022-11-23T05:10:31+00:00","breadcrumb":{"@id":"https:\/\/reinasdelanoche.org.gt\/hemeroteca90s\/#breadcrumb"},"inLanguage":"en-US","potentialAction":[{"@type":"ReadAction","target":["https:\/\/reinasdelanoche.org.gt\/hemeroteca90s\/"]}]},{"@type":"ImageObject","inLanguage":"en-US","@id":"https:\/\/reinasdelanoche.org.gt\/hemeroteca90s\/#primaryimage","url":"https:\/\/reinasdelanoche.org.gt\/wp-content\/uploads\/2022\/11\/Iogo-Piano-300x206.png","contentUrl":"https:\/\/reinasdelanoche.org.gt\/wp-content\/uploads\/2022\/11\/Iogo-Piano-300x206.png"},{"@type":"BreadcrumbList","@id":"https:\/\/reinasdelanoche.org.gt\/hemeroteca90s\/#breadcrumb","itemListElement":[{"@type":"ListItem","position":1,"name":"Portada","item":"https:\/\/reinasdelanoche.org.gt\/"},{"@type":"ListItem","position":2,"name":"Hemeroteca de los noventas"}]},{"@type":"WebSite","@id":"https:\/\/reinasdelanoche.org.gt\/#website","url":"https:\/\/reinasdelanoche.org.gt\/","name":"queens of the night","description":"OTHERS","publisher":{"@id":"https:\/\/reinasdelanoche.org.gt\/#organization"},"potentialAction":[{"@type":"SearchAction","target":{"@type":"EntryPoint","urlTemplate":"https:\/\/reinasdelanoche.org.gt\/?s={search_term_string}"},"query-input":{"@type":"PropertyValueSpecification","valueRequired":true,"valueName":"search_term_string"}}],"inLanguage":"en-US"},{"@type":"Organization","@id":"https:\/\/reinasdelanoche.org.gt\/#organization","name":"Reinas de la noche OTRANS","alternateName":"OTRANS","url":"https:\/\/reinasdelanoche.org.gt\/","logo":{"@type":"ImageObject","inLanguage":"en-US","@id":"https:\/\/reinasdelanoche.org.gt\/#\/schema\/logo\/image\/","url":"https:\/\/reinasdelanoche.org.gt\/wp-content\/uploads\/2022\/05\/cropped-Logo-Vertical-Principal-con-lema.png","contentUrl":"https:\/\/reinasdelanoche.org.gt\/wp-content\/uploads\/2022\/05\/cropped-Logo-Vertical-Principal-con-lema.png","width":512,"height":512,"caption":"Reinas de la noche OTRANS"},"image":{"@id":"https:\/\/reinasdelanoche.org.gt\/#\/schema\/logo\/image\/"},"sameAs":["https:\/\/www.facebook.com\/reinasdelanoche1\/","https:\/\/x.com\/InfoOTRANS"]}]}},"_links":{"self":[{"href":"https:\/\/reinasdelanoche.org.gt\/en\/wp-json\/wp\/v2\/pages\/1333","targetHints":{"allow":["GET"]}}],"collection":[{"href":"https:\/\/reinasdelanoche.org.gt\/en\/wp-json\/wp\/v2\/pages"}],"about":[{"href":"https:\/\/reinasdelanoche.org.gt\/en\/wp-json\/wp\/v2\/types\/page"}],"author":[{"embeddable":true,"href":"https:\/\/reinasdelanoche.org.gt\/en\/wp-json\/wp\/v2\/users\/4"}],"replies":[{"embeddable":true,"href":"https:\/\/reinasdelanoche.org.gt\/en\/wp-json\/wp\/v2\/comments?post=1333"}],"version-history":[{"count":9,"href":"https:\/\/reinasdelanoche.org.gt\/en\/wp-json\/wp\/v2\/pages\/1333\/revisions"}],"predecessor-version":[{"id":1431,"href":"https:\/\/reinasdelanoche.org.gt\/en\/wp-json\/wp\/v2\/pages\/1333\/revisions\/1431"}],"wp:attachment":[{"href":"https:\/\/reinasdelanoche.org.gt\/en\/wp-json\/wp\/v2\/media?parent=1333"}],"curies":[{"name":"wp","href":"https:\/\/api.w.org\/{rel}","templated":true}]}}