{"id":670,"date":"2022-07-05T10:29:18","date_gmt":"2022-07-05T16:29:18","guid":{"rendered":"https:\/\/reinasdelanoche.org.gt\/?page_id=670"},"modified":"2024-05-20T10:07:16","modified_gmt":"2024-05-20T16:07:16","slug":"incidencia-politica","status":"publish","type":"page","link":"http:\/\/reinasdelanoche.org.gt\/en\/incidencia-politica\/","title":{"rendered":"Advocacy"},"content":{"rendered":"<div data-elementor-type=\"wp-page\" data-elementor-id=\"670\" class=\"elementor elementor-670\" data-elementor-post-type=\"page\">\n\t\t\t\t\t\t<section class=\"elementor-section elementor-top-section elementor-element elementor-element-d04f044 elementor-section-height-min-height elementor-section-boxed elementor-section-height-default elementor-section-items-middle\" data-id=\"d04f044\" data-element_type=\"section\" data-settings=\"{&quot;background_background&quot;:&quot;classic&quot;}\">\n\t\t\t\t\t\t\t<div class=\"elementor-background-overlay\"><\/div>\n\t\t\t\t\t\t\t<div class=\"elementor-container elementor-column-gap-default\">\n\t\t\t\t\t<div class=\"elementor-column elementor-col-100 elementor-top-column elementor-element elementor-element-daffa4f\" data-id=\"daffa4f\" data-element_type=\"column\">\n\t\t\t<div class=\"elementor-widget-wrap elementor-element-populated\">\n\t\t\t\t\t\t<div class=\"elementor-element elementor-element-8fa2970 elementor-invisible elementor-widget elementor-widget-heading\" data-id=\"8fa2970\" data-element_type=\"widget\" data-settings=\"{&quot;_animation&quot;:&quot;fadeInUp&quot;}\" data-widget_type=\"heading.default\">\n\t\t\t\t<div class=\"elementor-widget-container\">\n\t\t\t\t\t<h1 class=\"elementor-heading-title elementor-size-default\">ADVOCACY<\/h1>\t\t\t\t<\/div>\n\t\t\t\t<\/div>\n\t\t\t\t<div class=\"elementor-element elementor-element-40d4522 elementor-icon-list--layout-inline elementor-align-left elementor-list-item-link-full_width elementor-invisible elementor-widget elementor-widget-icon-list\" data-id=\"40d4522\" data-element_type=\"widget\" data-settings=\"{&quot;_animation&quot;:&quot;fadeInUp&quot;}\" data-widget_type=\"icon-list.default\">\n\t\t\t\t<div class=\"elementor-widget-container\">\n\t\t\t\t\t\t\t<ul class=\"elementor-icon-list-items elementor-inline-items\">\n\t\t\t\t\t\t\t<li class=\"elementor-icon-list-item elementor-inline-item\">\n\t\t\t\t\t\t\t\t\t\t\t<a href=\"#\">\n\n\t\t\t\t\t\t\t\t\t\t\t\t<span class=\"elementor-icon-list-icon\">\n\t\t\t\t\t\t\t<i aria-hidden=\"true\" class=\"fas fa-home\"><\/i>\t\t\t\t\t\t<\/span>\n\t\t\t\t\t\t\t\t\t\t<span class=\"elementor-icon-list-text\">Home<\/span>\n\t\t\t\t\t\t\t\t\t\t\t<\/a>\n\t\t\t\t\t\t\t\t\t<\/li>\n\t\t\t\t\t\t\t\t<li class=\"elementor-icon-list-item elementor-inline-item\">\n\t\t\t\t\t\t\t\t\t\t\t<span class=\"elementor-icon-list-icon\">\n\t\t\t\t\t\t\t<i aria-hidden=\"true\" class=\"fas fa-angle-right\"><\/i>\t\t\t\t\t\t<\/span>\n\t\t\t\t\t\t\t\t\t\t<span class=\"elementor-icon-list-text\">Political advocacy<\/span>\n\t\t\t\t\t\t\t\t\t<\/li>\n\t\t\t\t\t\t<\/ul>\n\t\t\t\t\t\t<\/div>\n\t\t\t\t<\/div>\n\t\t\t\t\t<\/div>\n\t\t<\/div>\n\t\t\t\t\t<\/div>\n\t\t<\/section>\n\t\t\t\t<section class=\"elementor-section elementor-top-section elementor-element elementor-element-6a00ee3 elementor-section-boxed elementor-section-height-default elementor-section-height-default\" data-id=\"6a00ee3\" data-element_type=\"section\">\n\t\t\t\t\t\t<div class=\"elementor-container elementor-column-gap-default\">\n\t\t\t\t\t<div class=\"elementor-column elementor-col-50 elementor-top-column elementor-element elementor-element-2d880c8 elementor-invisible\" data-id=\"2d880c8\" data-element_type=\"column\" data-settings=\"{&quot;background_background&quot;:&quot;classic&quot;,&quot;animation&quot;:&quot;fadeInUp&quot;}\">\n\t\t\t<div class=\"elementor-widget-wrap elementor-element-populated\">\n\t\t\t\t\t<div class=\"elementor-background-overlay\"><\/div>\n\t\t\t\t\t\t<div class=\"elementor-element elementor-element-3b14a2f elementor-hidden-mobile elementor-widget elementor-widget-image\" data-id=\"3b14a2f\" data-element_type=\"widget\" data-widget_type=\"image.default\">\n\t\t\t\t<div class=\"elementor-widget-container\">\n\t\t\t\t\t\t\t\t\t\t\t\t\t\t\t<img fetchpriority=\"high\" decoding=\"async\" width=\"743\" height=\"1024\" src=\"https:\/\/reinasdelanoche.org.gt\/wp-content\/uploads\/2022\/05\/IMG-20240519-WA0000-743x1024.jpg\" class=\"attachment-large size-large wp-image-1802\" alt=\"\" srcset=\"https:\/\/reinasdelanoche.org.gt\/wp-content\/uploads\/2022\/05\/IMG-20240519-WA0000-743x1024.jpg 743w, https:\/\/reinasdelanoche.org.gt\/wp-content\/uploads\/2022\/05\/IMG-20240519-WA0000-218x300.jpg 218w, https:\/\/reinasdelanoche.org.gt\/wp-content\/uploads\/2022\/05\/IMG-20240519-WA0000-768x1058.jpg 768w, https:\/\/reinasdelanoche.org.gt\/wp-content\/uploads\/2022\/05\/IMG-20240519-WA0000-9x12.jpg 9w, https:\/\/reinasdelanoche.org.gt\/wp-content\/uploads\/2022\/05\/IMG-20240519-WA0000.jpg 929w\" sizes=\"(max-width: 743px) 100vw, 743px\" \/>\t\t\t\t\t\t\t\t\t\t\t\t\t\t\t<\/div>\n\t\t\t\t<\/div>\n\t\t\t\t\t<\/div>\n\t\t<\/div>\n\t\t\t\t<div class=\"elementor-column elementor-col-50 elementor-top-column elementor-element elementor-element-0217922\" data-id=\"0217922\" data-element_type=\"column\">\n\t\t\t<div class=\"elementor-widget-wrap elementor-element-populated\">\n\t\t\t\t\t\t<div class=\"elementor-element elementor-element-5a621ec elementor-invisible elementor-widget elementor-widget-elementskit-heading\" data-id=\"5a621ec\" data-element_type=\"widget\" data-settings=\"{&quot;_animation&quot;:&quot;fadeInUp&quot;}\" data-widget_type=\"elementskit-heading.default\">\n\t\t\t\t<div class=\"elementor-widget-container\">\n\t\t\t\t\t<div class=\"ekit-wid-con\" ><div class=\"ekit-heading elementskit-section-title-wraper text_left   ekit_heading_tablet-   ekit_heading_mobile-\"><h2 class=\"ekit-heading--title elementskit-section-title\">democracy and full citizenship<\/h2><\/div><\/div>\t\t\t\t<\/div>\n\t\t\t\t<\/div>\n\t\t\t\t<div class=\"elementor-element elementor-element-663f167 elementor-invisible elementor-widget elementor-widget-text-editor\" data-id=\"663f167\" data-element_type=\"widget\" data-settings=\"{&quot;_animation&quot;:&quot;fadeInUp&quot;}\" data-widget_type=\"text-editor.default\">\n\t\t\t\t<div class=\"elementor-widget-container\">\n\t\t\t\t\t\t\t\t\t<p>The political impact and citizen participation of Trans women is none other than that of democracy and full citizenship.<\/p><p>Political Advocacy is indeed vital. In this sense, it is necessary to emphasize the importance of capacities in the set of contents and action practices to propose proposals for change that allow contributing to save lives and improve social, political, economic and cultural conditions so that everything is inclusive.<\/p>\t\t\t\t\t\t\t\t<\/div>\n\t\t\t\t<\/div>\n\t\t\t\t\t<\/div>\n\t\t<\/div>\n\t\t\t\t\t<\/div>\n\t\t<\/section>\n\t\t\t\t<section class=\"elementor-section elementor-top-section elementor-element elementor-element-3440345 elementor-section-boxed elementor-section-height-default elementor-section-height-default\" data-id=\"3440345\" data-element_type=\"section\">\n\t\t\t\t\t\t<div class=\"elementor-container elementor-column-gap-default\">\n\t\t\t\t\t<div class=\"elementor-column elementor-col-100 elementor-top-column elementor-element elementor-element-c738e79\" data-id=\"c738e79\" data-element_type=\"column\">\n\t\t\t<div class=\"elementor-widget-wrap elementor-element-populated\">\n\t\t\t\t\t\t<div class=\"elementor-element elementor-element-3cccacb elementor-widget elementor-widget-text-editor\" data-id=\"3cccacb\" data-element_type=\"widget\" data-widget_type=\"text-editor.default\">\n\t\t\t\t<div class=\"elementor-widget-container\">\n\t\t\t\t\t\t\t\t\t<p>We are a non-political party organization, but we work on actions so that government agencies are concerned about improving the lives of trans people residing in Guatemala.\u00a0<\/p><p>From that account we look for:<\/p>\t\t\t\t\t\t\t\t<\/div>\n\t\t\t\t<\/div>\n\t\t\t\t<section class=\"elementor-section elementor-inner-section elementor-element elementor-element-9b7d426 elementor-section-boxed elementor-section-height-default elementor-section-height-default\" data-id=\"9b7d426\" data-element_type=\"section\">\n\t\t\t\t\t\t<div class=\"elementor-container elementor-column-gap-default\">\n\t\t\t\t\t<div class=\"elementor-column elementor-col-50 elementor-inner-column elementor-element elementor-element-2040107\" data-id=\"2040107\" data-element_type=\"column\">\n\t\t\t<div class=\"elementor-widget-wrap elementor-element-populated\">\n\t\t\t\t\t\t<div class=\"elementor-element elementor-element-63a0ee5 elementor-widget elementor-widget-text-editor\" data-id=\"63a0ee5\" data-element_type=\"widget\" data-widget_type=\"text-editor.default\">\n\t\t\t\t<div class=\"elementor-widget-container\">\n\t\t\t\t\t\t\t\t\t<ul><li>That the Congress of the Republic of Guatemala approve a gender identity law that recognizes the identity of trans people and improves the way of documenting them through collecting gender identity, change in gender expression and the civil name of trans people. people in the Personal Identification Document.<\/li><\/ul>\t\t\t\t\t\t\t\t<\/div>\n\t\t\t\t<\/div>\n\t\t\t\t\t<\/div>\n\t\t<\/div>\n\t\t\t\t<div class=\"elementor-column elementor-col-50 elementor-inner-column elementor-element elementor-element-e04536b\" data-id=\"e04536b\" data-element_type=\"column\">\n\t\t\t<div class=\"elementor-widget-wrap elementor-element-populated\">\n\t\t\t\t\t\t<div class=\"elementor-element elementor-element-f91db50 elementor-widget elementor-widget-text-editor\" data-id=\"f91db50\" data-element_type=\"widget\" data-widget_type=\"text-editor.default\">\n\t\t\t\t<div class=\"elementor-widget-container\">\n\t\t\t\t\t\t\t\t\t<ul><li>That the Ministry of Public Health and Social Assistance implement the Comprehensive and Differentiated Health Strategy for Trans People 2016-2030 and allow the implementation of trans care guidelines that improve the quality of health care for said population in the national health system.<\/li><\/ul>\t\t\t\t\t\t\t\t<\/div>\n\t\t\t\t<\/div>\n\t\t\t\t\t<\/div>\n\t\t<\/div>\n\t\t\t\t\t<\/div>\n\t\t<\/section>\n\t\t\t\t\t<\/div>\n\t\t<\/div>\n\t\t\t\t\t<\/div>\n\t\t<\/section>\n\t\t\t\t<\/div>","protected":false},"excerpt":{"rendered":"<p>INCIDENCIA POL\u00cdTICA Inicio Incidencia pol\u00edtica democracia y ciudadan\u00eda plena La incidencia pol\u00edtica y participaci\u00f3n ciudadana de las mujeres Trans no es otro que, el de la democracia y la ciudadan\u00eda plena. La Incidencia Pol\u00edtica es efectivamente vital. En este sentido resulta necesario enfatizar la importancia de las capacidades en el conjunto de contenidos y pr\u00e1cticas [&hellip;]<\/p>","protected":false},"author":1,"featured_media":0,"parent":0,"menu_order":0,"comment_status":"closed","ping_status":"closed","template":"","meta":{"_monsterinsights_skip_tracking":false,"_monsterinsights_sitenote_active":false,"_monsterinsights_sitenote_note":"","_monsterinsights_sitenote_category":0,"footnotes":""},"class_list":["post-670","page","type-page","status-publish","hentry"],"yoast_head":"<!-- This site is optimized with the Yoast SEO plugin v26.5 - https:\/\/yoast.com\/wordpress\/plugins\/seo\/ -->\n<title>Incidencia Pol\u00edtica - Reinas de la noche<\/title>\n<meta name=\"robots\" content=\"index, follow, max-snippet:-1, max-image-preview:large, max-video-preview:-1\" \/>\n<link rel=\"canonical\" href=\"https:\/\/reinasdelanoche.org.gt\/en\/incidencia-politica\/\" \/>\n<meta property=\"og:locale\" content=\"en_US\" \/>\n<meta property=\"og:type\" content=\"article\" \/>\n<meta property=\"og:title\" content=\"Incidencia Pol\u00edtica - Reinas de la noche\" \/>\n<meta property=\"og:description\" content=\"INCIDENCIA POL\u00cdTICA Inicio Incidencia pol\u00edtica democracia y ciudadan\u00eda plena La incidencia pol\u00edtica y participaci\u00f3n ciudadana de las mujeres Trans no es otro que, el de la democracia y la ciudadan\u00eda plena. La Incidencia Pol\u00edtica es efectivamente vital. En este sentido resulta necesario enfatizar la importancia de las capacidades en el conjunto de contenidos y pr\u00e1cticas [&hellip;]\" \/>\n<meta property=\"og:url\" content=\"https:\/\/reinasdelanoche.org.gt\/en\/incidencia-politica\/\" \/>\n<meta property=\"og:site_name\" content=\"Reinas de la noche\" \/>\n<meta property=\"article:publisher\" content=\"https:\/\/www.facebook.com\/reinasdelanoche1\/\" \/>\n<meta property=\"article:modified_time\" content=\"2024-05-20T16:07:16+00:00\" \/>\n<meta property=\"og:image\" content=\"https:\/\/reinasdelanoche.org.gt\/wp-content\/uploads\/2022\/05\/IMG-20240519-WA0000-743x1024.jpg\" \/>\n<meta name=\"twitter:card\" content=\"summary_large_image\" \/>\n<meta name=\"twitter:site\" content=\"@InfoOTRANS\" \/>\n<meta name=\"twitter:label1\" content=\"Est. reading time\" \/>\n\t<meta name=\"twitter:data1\" content=\"2 minutes\" \/>\n<script type=\"application\/ld+json\" class=\"yoast-schema-graph\">{\"@context\":\"https:\/\/schema.org\",\"@graph\":[{\"@type\":\"WebPage\",\"@id\":\"https:\/\/reinasdelanoche.org.gt\/incidencia-politica\/\",\"url\":\"https:\/\/reinasdelanoche.org.gt\/incidencia-politica\/\",\"name\":\"Incidencia Pol\u00edtica - Reinas de la noche\",\"isPartOf\":{\"@id\":\"https:\/\/reinasdelanoche.org.gt\/#website\"},\"primaryImageOfPage\":{\"@id\":\"https:\/\/reinasdelanoche.org.gt\/incidencia-politica\/#primaryimage\"},\"image\":{\"@id\":\"https:\/\/reinasdelanoche.org.gt\/incidencia-politica\/#primaryimage\"},\"thumbnailUrl\":\"https:\/\/reinasdelanoche.org.gt\/wp-content\/uploads\/2022\/05\/IMG-20240519-WA0000-743x1024.jpg\",\"datePublished\":\"2022-07-05T16:29:18+00:00\",\"dateModified\":\"2024-05-20T16:07:16+00:00\",\"breadcrumb\":{\"@id\":\"https:\/\/reinasdelanoche.org.gt\/incidencia-politica\/#breadcrumb\"},\"inLanguage\":\"en-US\",\"potentialAction\":[{\"@type\":\"ReadAction\",\"target\":[\"https:\/\/reinasdelanoche.org.gt\/incidencia-politica\/\"]}]},{\"@type\":\"ImageObject\",\"inLanguage\":\"en-US\",\"@id\":\"https:\/\/reinasdelanoche.org.gt\/incidencia-politica\/#primaryimage\",\"url\":\"https:\/\/reinasdelanoche.org.gt\/wp-content\/uploads\/2022\/05\/IMG-20240519-WA0000-743x1024.jpg\",\"contentUrl\":\"https:\/\/reinasdelanoche.org.gt\/wp-content\/uploads\/2022\/05\/IMG-20240519-WA0000-743x1024.jpg\"},{\"@type\":\"BreadcrumbList\",\"@id\":\"https:\/\/reinasdelanoche.org.gt\/incidencia-politica\/#breadcrumb\",\"itemListElement\":[{\"@type\":\"ListItem\",\"position\":1,\"name\":\"Portada\",\"item\":\"https:\/\/reinasdelanoche.org.gt\/\"},{\"@type\":\"ListItem\",\"position\":2,\"name\":\"Incidencia Pol\u00edtica\"}]},{\"@type\":\"WebSite\",\"@id\":\"https:\/\/reinasdelanoche.org.gt\/#website\",\"url\":\"https:\/\/reinasdelanoche.org.gt\/\",\"name\":\"Reinas de la noche\",\"description\":\"OTRANS\",\"publisher\":{\"@id\":\"https:\/\/reinasdelanoche.org.gt\/#organization\"},\"potentialAction\":[{\"@type\":\"SearchAction\",\"target\":{\"@type\":\"EntryPoint\",\"urlTemplate\":\"https:\/\/reinasdelanoche.org.gt\/?s={search_term_string}\"},\"query-input\":{\"@type\":\"PropertyValueSpecification\",\"valueRequired\":true,\"valueName\":\"search_term_string\"}}],\"inLanguage\":\"en-US\"},{\"@type\":\"Organization\",\"@id\":\"https:\/\/reinasdelanoche.org.gt\/#organization\",\"name\":\"Reinas de la noche OTRANS\",\"alternateName\":\"OTRANS\",\"url\":\"https:\/\/reinasdelanoche.org.gt\/\",\"logo\":{\"@type\":\"ImageObject\",\"inLanguage\":\"en-US\",\"@id\":\"https:\/\/reinasdelanoche.org.gt\/#\/schema\/logo\/image\/\",\"url\":\"https:\/\/reinasdelanoche.org.gt\/wp-content\/uploads\/2022\/05\/cropped-Logo-Vertical-Principal-con-lema.png\",\"contentUrl\":\"https:\/\/reinasdelanoche.org.gt\/wp-content\/uploads\/2022\/05\/cropped-Logo-Vertical-Principal-con-lema.png\",\"width\":512,\"height\":512,\"caption\":\"Reinas de la noche OTRANS\"},\"image\":{\"@id\":\"https:\/\/reinasdelanoche.org.gt\/#\/schema\/logo\/image\/\"},\"sameAs\":[\"https:\/\/www.facebook.com\/reinasdelanoche1\/\",\"https:\/\/x.com\/InfoOTRANS\"]}]}<\/script>\n<!-- \/ Yoast SEO plugin. -->","yoast_head_json":{"title":"Incidencia Pol\u00edtica - Reinas de la noche","robots":{"index":"index","follow":"follow","max-snippet":"max-snippet:-1","max-image-preview":"max-image-preview:large","max-video-preview":"max-video-preview:-1"},"canonical":"https:\/\/reinasdelanoche.org.gt\/en\/incidencia-politica\/","og_locale":"en_US","og_type":"article","og_title":"Incidencia Pol\u00edtica - Reinas de la noche","og_description":"INCIDENCIA POL\u00cdTICA Inicio Incidencia pol\u00edtica democracia y ciudadan\u00eda plena La incidencia pol\u00edtica y participaci\u00f3n ciudadana de las mujeres Trans no es otro que, el de la democracia y la ciudadan\u00eda plena. La Incidencia Pol\u00edtica es efectivamente vital. En este sentido resulta necesario enfatizar la importancia de las capacidades en el conjunto de contenidos y pr\u00e1cticas [&hellip;]","og_url":"https:\/\/reinasdelanoche.org.gt\/en\/incidencia-politica\/","og_site_name":"Reinas de la noche","article_publisher":"https:\/\/www.facebook.com\/reinasdelanoche1\/","article_modified_time":"2024-05-20T16:07:16+00:00","og_image":[{"url":"https:\/\/reinasdelanoche.org.gt\/wp-content\/uploads\/2022\/05\/IMG-20240519-WA0000-743x1024.jpg","type":"","width":"","height":""}],"twitter_card":"summary_large_image","twitter_site":"@InfoOTRANS","twitter_misc":{"Est. reading time":"2 minutes"},"schema":{"@context":"https:\/\/schema.org","@graph":[{"@type":"WebPage","@id":"https:\/\/reinasdelanoche.org.gt\/incidencia-politica\/","url":"https:\/\/reinasdelanoche.org.gt\/incidencia-politica\/","name":"Incidencia Pol\u00edtica - Reinas de la noche","isPartOf":{"@id":"https:\/\/reinasdelanoche.org.gt\/#website"},"primaryImageOfPage":{"@id":"https:\/\/reinasdelanoche.org.gt\/incidencia-politica\/#primaryimage"},"image":{"@id":"https:\/\/reinasdelanoche.org.gt\/incidencia-politica\/#primaryimage"},"thumbnailUrl":"https:\/\/reinasdelanoche.org.gt\/wp-content\/uploads\/2022\/05\/IMG-20240519-WA0000-743x1024.jpg","datePublished":"2022-07-05T16:29:18+00:00","dateModified":"2024-05-20T16:07:16+00:00","breadcrumb":{"@id":"https:\/\/reinasdelanoche.org.gt\/incidencia-politica\/#breadcrumb"},"inLanguage":"en-US","potentialAction":[{"@type":"ReadAction","target":["https:\/\/reinasdelanoche.org.gt\/incidencia-politica\/"]}]},{"@type":"ImageObject","inLanguage":"en-US","@id":"https:\/\/reinasdelanoche.org.gt\/incidencia-politica\/#primaryimage","url":"https:\/\/reinasdelanoche.org.gt\/wp-content\/uploads\/2022\/05\/IMG-20240519-WA0000-743x1024.jpg","contentUrl":"https:\/\/reinasdelanoche.org.gt\/wp-content\/uploads\/2022\/05\/IMG-20240519-WA0000-743x1024.jpg"},{"@type":"BreadcrumbList","@id":"https:\/\/reinasdelanoche.org.gt\/incidencia-politica\/#breadcrumb","itemListElement":[{"@type":"ListItem","position":1,"name":"Portada","item":"https:\/\/reinasdelanoche.org.gt\/"},{"@type":"ListItem","position":2,"name":"Incidencia Pol\u00edtica"}]},{"@type":"WebSite","@id":"https:\/\/reinasdelanoche.org.gt\/#website","url":"https:\/\/reinasdelanoche.org.gt\/","name":"queens of the night","description":"OTHERS","publisher":{"@id":"https:\/\/reinasdelanoche.org.gt\/#organization"},"potentialAction":[{"@type":"SearchAction","target":{"@type":"EntryPoint","urlTemplate":"https:\/\/reinasdelanoche.org.gt\/?s={search_term_string}"},"query-input":{"@type":"PropertyValueSpecification","valueRequired":true,"valueName":"search_term_string"}}],"inLanguage":"en-US"},{"@type":"Organization","@id":"https:\/\/reinasdelanoche.org.gt\/#organization","name":"Reinas de la noche OTRANS","alternateName":"OTRANS","url":"https:\/\/reinasdelanoche.org.gt\/","logo":{"@type":"ImageObject","inLanguage":"en-US","@id":"https:\/\/reinasdelanoche.org.gt\/#\/schema\/logo\/image\/","url":"https:\/\/reinasdelanoche.org.gt\/wp-content\/uploads\/2022\/05\/cropped-Logo-Vertical-Principal-con-lema.png","contentUrl":"https:\/\/reinasdelanoche.org.gt\/wp-content\/uploads\/2022\/05\/cropped-Logo-Vertical-Principal-con-lema.png","width":512,"height":512,"caption":"Reinas de la noche OTRANS"},"image":{"@id":"https:\/\/reinasdelanoche.org.gt\/#\/schema\/logo\/image\/"},"sameAs":["https:\/\/www.facebook.com\/reinasdelanoche1\/","https:\/\/x.com\/InfoOTRANS"]}]}},"_links":{"self":[{"href":"http:\/\/reinasdelanoche.org.gt\/en\/wp-json\/wp\/v2\/pages\/670","targetHints":{"allow":["GET"]}}],"collection":[{"href":"http:\/\/reinasdelanoche.org.gt\/en\/wp-json\/wp\/v2\/pages"}],"about":[{"href":"http:\/\/reinasdelanoche.org.gt\/en\/wp-json\/wp\/v2\/types\/page"}],"author":[{"embeddable":true,"href":"http:\/\/reinasdelanoche.org.gt\/en\/wp-json\/wp\/v2\/users\/1"}],"replies":[{"embeddable":true,"href":"http:\/\/reinasdelanoche.org.gt\/en\/wp-json\/wp\/v2\/comments?post=670"}],"version-history":[{"count":30,"href":"http:\/\/reinasdelanoche.org.gt\/en\/wp-json\/wp\/v2\/pages\/670\/revisions"}],"predecessor-version":[{"id":1836,"href":"http:\/\/reinasdelanoche.org.gt\/en\/wp-json\/wp\/v2\/pages\/670\/revisions\/1836"}],"wp:attachment":[{"href":"http:\/\/reinasdelanoche.org.gt\/en\/wp-json\/wp\/v2\/media?parent=670"}],"curies":[{"name":"wp","href":"https:\/\/api.w.org\/{rel}","templated":true}]}}