{"id":659,"date":"2022-07-05T09:58:38","date_gmt":"2022-07-05T15:58:38","guid":{"rendered":"https:\/\/reinasdelanoche.org.gt\/?page_id=659"},"modified":"2024-07-11T15:46:32","modified_gmt":"2024-07-11T21:46:32","slug":"gestion-comunitaria","status":"publish","type":"page","link":"http:\/\/reinasdelanoche.org.gt\/en\/gestion-comunitaria\/","title":{"rendered":"Community Support"},"content":{"rendered":"<div data-elementor-type=\"wp-page\" data-elementor-id=\"659\" class=\"elementor elementor-659\" data-elementor-post-type=\"page\">\n\t\t\t\t\t\t<section class=\"elementor-section elementor-top-section elementor-element elementor-element-3158001 elementor-section-height-min-height elementor-section-boxed elementor-section-height-default elementor-section-items-middle\" data-id=\"3158001\" data-element_type=\"section\" data-settings=\"{&quot;background_background&quot;:&quot;classic&quot;}\">\n\t\t\t\t\t\t\t<div class=\"elementor-background-overlay\"><\/div>\n\t\t\t\t\t\t\t<div class=\"elementor-container elementor-column-gap-default\">\n\t\t\t\t\t<div class=\"elementor-column elementor-col-100 elementor-top-column elementor-element elementor-element-89ca718\" data-id=\"89ca718\" data-element_type=\"column\">\n\t\t\t<div class=\"elementor-widget-wrap elementor-element-populated\">\n\t\t\t\t\t\t<div class=\"elementor-element elementor-element-e1b856b elementor-invisible elementor-widget elementor-widget-heading\" data-id=\"e1b856b\" data-element_type=\"widget\" data-settings=\"{&quot;_animation&quot;:&quot;fadeInUp&quot;}\" data-widget_type=\"heading.default\">\n\t\t\t\t<div class=\"elementor-widget-container\">\n\t\t\t\t\t<h1 class=\"elementor-heading-title elementor-size-default\">Community Support<\/h1>\t\t\t\t<\/div>\n\t\t\t\t<\/div>\n\t\t\t\t<div class=\"elementor-element elementor-element-8358cdd elementor-icon-list--layout-inline elementor-align-left elementor-list-item-link-full_width elementor-invisible elementor-widget elementor-widget-icon-list\" data-id=\"8358cdd\" data-element_type=\"widget\" data-settings=\"{&quot;_animation&quot;:&quot;fadeInUp&quot;}\" data-widget_type=\"icon-list.default\">\n\t\t\t\t<div class=\"elementor-widget-container\">\n\t\t\t\t\t\t\t<ul class=\"elementor-icon-list-items elementor-inline-items\">\n\t\t\t\t\t\t\t<li class=\"elementor-icon-list-item elementor-inline-item\">\n\t\t\t\t\t\t\t\t\t\t\t<a href=\"#\">\n\n\t\t\t\t\t\t\t\t\t\t\t\t<span class=\"elementor-icon-list-icon\">\n\t\t\t\t\t\t\t<i aria-hidden=\"true\" class=\"fas fa-home\"><\/i>\t\t\t\t\t\t<\/span>\n\t\t\t\t\t\t\t\t\t\t<span class=\"elementor-icon-list-text\">Home<\/span>\n\t\t\t\t\t\t\t\t\t\t\t<\/a>\n\t\t\t\t\t\t\t\t\t<\/li>\n\t\t\t\t\t\t<\/ul>\n\t\t\t\t\t\t<\/div>\n\t\t\t\t<\/div>\n\t\t\t\t\t<\/div>\n\t\t<\/div>\n\t\t\t\t\t<\/div>\n\t\t<\/section>\n\t\t\t\t<section class=\"elementor-section elementor-top-section elementor-element elementor-element-69573ee elementor-section-boxed elementor-section-height-default elementor-section-height-default\" data-id=\"69573ee\" data-element_type=\"section\">\n\t\t\t\t\t\t<div class=\"elementor-container elementor-column-gap-default\">\n\t\t\t\t\t<div class=\"elementor-column elementor-col-50 elementor-top-column elementor-element elementor-element-cb9fed8 elementor-invisible\" data-id=\"cb9fed8\" data-element_type=\"column\" data-settings=\"{&quot;background_background&quot;:&quot;classic&quot;,&quot;animation&quot;:&quot;fadeInUp&quot;}\">\n\t\t\t<div class=\"elementor-widget-wrap elementor-element-populated\">\n\t\t\t\t\t<div class=\"elementor-background-overlay\"><\/div>\n\t\t\t\t\t\t<div class=\"elementor-element elementor-element-a68d240 elementor-hidden-mobile elementor-widget elementor-widget-image\" data-id=\"a68d240\" data-element_type=\"widget\" data-widget_type=\"image.default\">\n\t\t\t\t<div class=\"elementor-widget-container\">\n\t\t\t\t\t\t\t\t\t\t\t\t\t\t\t<img fetchpriority=\"high\" decoding=\"async\" width=\"743\" height=\"1024\" src=\"https:\/\/reinasdelanoche.org.gt\/wp-content\/uploads\/2022\/05\/IMG-20240519-WA0000-743x1024.jpg\" class=\"attachment-large size-large wp-image-1802\" alt=\"\" srcset=\"https:\/\/reinasdelanoche.org.gt\/wp-content\/uploads\/2022\/05\/IMG-20240519-WA0000-743x1024.jpg 743w, https:\/\/reinasdelanoche.org.gt\/wp-content\/uploads\/2022\/05\/IMG-20240519-WA0000-218x300.jpg 218w, https:\/\/reinasdelanoche.org.gt\/wp-content\/uploads\/2022\/05\/IMG-20240519-WA0000-768x1058.jpg 768w, https:\/\/reinasdelanoche.org.gt\/wp-content\/uploads\/2022\/05\/IMG-20240519-WA0000-9x12.jpg 9w, https:\/\/reinasdelanoche.org.gt\/wp-content\/uploads\/2022\/05\/IMG-20240519-WA0000.jpg 929w\" sizes=\"(max-width: 743px) 100vw, 743px\" \/>\t\t\t\t\t\t\t\t\t\t\t\t\t\t\t<\/div>\n\t\t\t\t<\/div>\n\t\t\t\t\t<\/div>\n\t\t<\/div>\n\t\t\t\t<div class=\"elementor-column elementor-col-50 elementor-top-column elementor-element elementor-element-16c9ecf\" data-id=\"16c9ecf\" data-element_type=\"column\">\n\t\t\t<div class=\"elementor-widget-wrap elementor-element-populated\">\n\t\t\t\t\t\t<div class=\"elementor-element elementor-element-fc862e9 elementor-invisible elementor-widget elementor-widget-elementskit-heading\" data-id=\"fc862e9\" data-element_type=\"widget\" data-settings=\"{&quot;_animation&quot;:&quot;fadeInUp&quot;}\" data-widget_type=\"elementskit-heading.default\">\n\t\t\t\t<div class=\"elementor-widget-container\">\n\t\t\t\t\t<div class=\"ekit-wid-con\" ><div class=\"ekit-heading elementskit-section-title-wraper text_left   ekit_heading_tablet-   ekit_heading_mobile-\"><h2 class=\"ekit-heading--title elementskit-section-title\">Community Support<\/h2><\/div><\/div>\t\t\t\t<\/div>\n\t\t\t\t<\/div>\n\t\t\t\t<div class=\"elementor-element elementor-element-af11028 elementor-invisible elementor-widget elementor-widget-text-editor\" data-id=\"af11028\" data-element_type=\"widget\" data-settings=\"{&quot;_animation&quot;:&quot;fadeInUp&quot;}\" data-widget_type=\"text-editor.default\">\n\t\t\t\t<div class=\"elementor-widget-container\">\n\t\t\t\t\t\t\t\t\t<p>We work on various actions to strengthen the knowledge of the community base and its organizational systems. Through the National Network of Trans People, REDTRANSGt, we support the formation of trans collectives throughout the country.<\/p><ul><li>We generate various projects to bring to these communities actions related to education, work and health such as:<br \/><br \/>Actions to create a Trans Historical Memory file.<\/li><li>Actions in favor of micro-entrepreneurship in the LGBTIQA+ population<br \/><br \/><\/li><li>Solidarity support for trans women in times of crisis, forced displacement, pandemics (such as HIV or the recent COVID-19)<\/li><\/ul>\t\t\t\t\t\t\t\t<\/div>\n\t\t\t\t<\/div>\n\t\t\t\t\t<\/div>\n\t\t<\/div>\n\t\t\t\t\t<\/div>\n\t\t<\/section>\n\t\t\t\t<\/div>","protected":false},"excerpt":{"rendered":"<p>Gesti\u00f3n comunitaria Inicio Gesti\u00f3n comunitaria Trabajamos diversas acciones para fortalecer los conocimientos de la base comunitaria y sus sistemas de organizaci\u00f3n. A trav\u00e9s de la Red Nacional de Personas Trans, REDTRANSGt apoyamos la formaci\u00f3n de colectivas trans a lo largo y ancho del pa\u00eds. Generamos diversos proyectos para llevar a dichas comunidades acciones relacionadas a [&hellip;]<\/p>","protected":false},"author":1,"featured_media":0,"parent":0,"menu_order":0,"comment_status":"closed","ping_status":"closed","template":"","meta":{"_monsterinsights_skip_tracking":false,"_monsterinsights_sitenote_active":false,"_monsterinsights_sitenote_note":"","_monsterinsights_sitenote_category":0,"footnotes":""},"class_list":["post-659","page","type-page","status-publish","hentry"],"yoast_head":"<!-- This site is optimized with the Yoast SEO plugin v26.5 - https:\/\/yoast.com\/wordpress\/plugins\/seo\/ -->\n<title>Gesti\u00f3n Comunitaria - Reinas de la noche<\/title>\n<meta name=\"robots\" content=\"index, follow, max-snippet:-1, max-image-preview:large, max-video-preview:-1\" \/>\n<link rel=\"canonical\" href=\"https:\/\/reinasdelanoche.org.gt\/en\/gestion-comunitaria\/\" \/>\n<meta property=\"og:locale\" content=\"en_US\" \/>\n<meta property=\"og:type\" content=\"article\" \/>\n<meta property=\"og:title\" content=\"Gesti\u00f3n Comunitaria - Reinas de la noche\" \/>\n<meta property=\"og:description\" content=\"Gesti\u00f3n comunitaria Inicio Gesti\u00f3n comunitaria Trabajamos diversas acciones para fortalecer los conocimientos de la base comunitaria y sus sistemas de organizaci\u00f3n. A trav\u00e9s de la Red Nacional de Personas Trans, REDTRANSGt apoyamos la formaci\u00f3n de colectivas trans a lo largo y ancho del pa\u00eds. Generamos diversos proyectos para llevar a dichas comunidades acciones relacionadas a [&hellip;]\" \/>\n<meta property=\"og:url\" content=\"https:\/\/reinasdelanoche.org.gt\/en\/gestion-comunitaria\/\" \/>\n<meta property=\"og:site_name\" content=\"Reinas de la noche\" \/>\n<meta property=\"article:publisher\" content=\"https:\/\/www.facebook.com\/reinasdelanoche1\/\" \/>\n<meta property=\"article:modified_time\" content=\"2024-07-11T21:46:32+00:00\" \/>\n<meta property=\"og:image\" content=\"https:\/\/reinasdelanoche.org.gt\/wp-content\/uploads\/2022\/05\/IMG-20240519-WA0000-743x1024.jpg\" \/>\n<meta name=\"twitter:card\" content=\"summary_large_image\" \/>\n<meta name=\"twitter:site\" content=\"@InfoOTRANS\" \/>\n<meta name=\"twitter:label1\" content=\"Est. reading time\" \/>\n\t<meta name=\"twitter:data1\" content=\"1 minute\" \/>\n<script type=\"application\/ld+json\" class=\"yoast-schema-graph\">{\"@context\":\"https:\/\/schema.org\",\"@graph\":[{\"@type\":\"WebPage\",\"@id\":\"https:\/\/reinasdelanoche.org.gt\/gestion-comunitaria\/\",\"url\":\"https:\/\/reinasdelanoche.org.gt\/gestion-comunitaria\/\",\"name\":\"Gesti\u00f3n Comunitaria - Reinas de la noche\",\"isPartOf\":{\"@id\":\"https:\/\/reinasdelanoche.org.gt\/#website\"},\"primaryImageOfPage\":{\"@id\":\"https:\/\/reinasdelanoche.org.gt\/gestion-comunitaria\/#primaryimage\"},\"image\":{\"@id\":\"https:\/\/reinasdelanoche.org.gt\/gestion-comunitaria\/#primaryimage\"},\"thumbnailUrl\":\"https:\/\/reinasdelanoche.org.gt\/wp-content\/uploads\/2022\/05\/IMG-20240519-WA0000-743x1024.jpg\",\"datePublished\":\"2022-07-05T15:58:38+00:00\",\"dateModified\":\"2024-07-11T21:46:32+00:00\",\"breadcrumb\":{\"@id\":\"https:\/\/reinasdelanoche.org.gt\/gestion-comunitaria\/#breadcrumb\"},\"inLanguage\":\"en-US\",\"potentialAction\":[{\"@type\":\"ReadAction\",\"target\":[\"https:\/\/reinasdelanoche.org.gt\/gestion-comunitaria\/\"]}]},{\"@type\":\"ImageObject\",\"inLanguage\":\"en-US\",\"@id\":\"https:\/\/reinasdelanoche.org.gt\/gestion-comunitaria\/#primaryimage\",\"url\":\"https:\/\/reinasdelanoche.org.gt\/wp-content\/uploads\/2022\/05\/IMG-20240519-WA0000-743x1024.jpg\",\"contentUrl\":\"https:\/\/reinasdelanoche.org.gt\/wp-content\/uploads\/2022\/05\/IMG-20240519-WA0000-743x1024.jpg\"},{\"@type\":\"BreadcrumbList\",\"@id\":\"https:\/\/reinasdelanoche.org.gt\/gestion-comunitaria\/#breadcrumb\",\"itemListElement\":[{\"@type\":\"ListItem\",\"position\":1,\"name\":\"Portada\",\"item\":\"https:\/\/reinasdelanoche.org.gt\/\"},{\"@type\":\"ListItem\",\"position\":2,\"name\":\"Gesti\u00f3n Comunitaria\"}]},{\"@type\":\"WebSite\",\"@id\":\"https:\/\/reinasdelanoche.org.gt\/#website\",\"url\":\"https:\/\/reinasdelanoche.org.gt\/\",\"name\":\"Reinas de la noche\",\"description\":\"OTRANS\",\"publisher\":{\"@id\":\"https:\/\/reinasdelanoche.org.gt\/#organization\"},\"potentialAction\":[{\"@type\":\"SearchAction\",\"target\":{\"@type\":\"EntryPoint\",\"urlTemplate\":\"https:\/\/reinasdelanoche.org.gt\/?s={search_term_string}\"},\"query-input\":{\"@type\":\"PropertyValueSpecification\",\"valueRequired\":true,\"valueName\":\"search_term_string\"}}],\"inLanguage\":\"en-US\"},{\"@type\":\"Organization\",\"@id\":\"https:\/\/reinasdelanoche.org.gt\/#organization\",\"name\":\"Reinas de la noche OTRANS\",\"alternateName\":\"OTRANS\",\"url\":\"https:\/\/reinasdelanoche.org.gt\/\",\"logo\":{\"@type\":\"ImageObject\",\"inLanguage\":\"en-US\",\"@id\":\"https:\/\/reinasdelanoche.org.gt\/#\/schema\/logo\/image\/\",\"url\":\"https:\/\/reinasdelanoche.org.gt\/wp-content\/uploads\/2022\/05\/cropped-Logo-Vertical-Principal-con-lema.png\",\"contentUrl\":\"https:\/\/reinasdelanoche.org.gt\/wp-content\/uploads\/2022\/05\/cropped-Logo-Vertical-Principal-con-lema.png\",\"width\":512,\"height\":512,\"caption\":\"Reinas de la noche OTRANS\"},\"image\":{\"@id\":\"https:\/\/reinasdelanoche.org.gt\/#\/schema\/logo\/image\/\"},\"sameAs\":[\"https:\/\/www.facebook.com\/reinasdelanoche1\/\",\"https:\/\/x.com\/InfoOTRANS\"]}]}<\/script>\n<!-- \/ Yoast SEO plugin. -->","yoast_head_json":{"title":"Gesti\u00f3n Comunitaria - Reinas de la noche","robots":{"index":"index","follow":"follow","max-snippet":"max-snippet:-1","max-image-preview":"max-image-preview:large","max-video-preview":"max-video-preview:-1"},"canonical":"https:\/\/reinasdelanoche.org.gt\/en\/gestion-comunitaria\/","og_locale":"en_US","og_type":"article","og_title":"Gesti\u00f3n Comunitaria - Reinas de la noche","og_description":"Gesti\u00f3n comunitaria Inicio Gesti\u00f3n comunitaria Trabajamos diversas acciones para fortalecer los conocimientos de la base comunitaria y sus sistemas de organizaci\u00f3n. A trav\u00e9s de la Red Nacional de Personas Trans, REDTRANSGt apoyamos la formaci\u00f3n de colectivas trans a lo largo y ancho del pa\u00eds. Generamos diversos proyectos para llevar a dichas comunidades acciones relacionadas a [&hellip;]","og_url":"https:\/\/reinasdelanoche.org.gt\/en\/gestion-comunitaria\/","og_site_name":"Reinas de la noche","article_publisher":"https:\/\/www.facebook.com\/reinasdelanoche1\/","article_modified_time":"2024-07-11T21:46:32+00:00","og_image":[{"url":"https:\/\/reinasdelanoche.org.gt\/wp-content\/uploads\/2022\/05\/IMG-20240519-WA0000-743x1024.jpg","type":"","width":"","height":""}],"twitter_card":"summary_large_image","twitter_site":"@InfoOTRANS","twitter_misc":{"Est. reading time":"1 minute"},"schema":{"@context":"https:\/\/schema.org","@graph":[{"@type":"WebPage","@id":"https:\/\/reinasdelanoche.org.gt\/gestion-comunitaria\/","url":"https:\/\/reinasdelanoche.org.gt\/gestion-comunitaria\/","name":"Gesti\u00f3n Comunitaria - Reinas de la noche","isPartOf":{"@id":"https:\/\/reinasdelanoche.org.gt\/#website"},"primaryImageOfPage":{"@id":"https:\/\/reinasdelanoche.org.gt\/gestion-comunitaria\/#primaryimage"},"image":{"@id":"https:\/\/reinasdelanoche.org.gt\/gestion-comunitaria\/#primaryimage"},"thumbnailUrl":"https:\/\/reinasdelanoche.org.gt\/wp-content\/uploads\/2022\/05\/IMG-20240519-WA0000-743x1024.jpg","datePublished":"2022-07-05T15:58:38+00:00","dateModified":"2024-07-11T21:46:32+00:00","breadcrumb":{"@id":"https:\/\/reinasdelanoche.org.gt\/gestion-comunitaria\/#breadcrumb"},"inLanguage":"en-US","potentialAction":[{"@type":"ReadAction","target":["https:\/\/reinasdelanoche.org.gt\/gestion-comunitaria\/"]}]},{"@type":"ImageObject","inLanguage":"en-US","@id":"https:\/\/reinasdelanoche.org.gt\/gestion-comunitaria\/#primaryimage","url":"https:\/\/reinasdelanoche.org.gt\/wp-content\/uploads\/2022\/05\/IMG-20240519-WA0000-743x1024.jpg","contentUrl":"https:\/\/reinasdelanoche.org.gt\/wp-content\/uploads\/2022\/05\/IMG-20240519-WA0000-743x1024.jpg"},{"@type":"BreadcrumbList","@id":"https:\/\/reinasdelanoche.org.gt\/gestion-comunitaria\/#breadcrumb","itemListElement":[{"@type":"ListItem","position":1,"name":"Portada","item":"https:\/\/reinasdelanoche.org.gt\/"},{"@type":"ListItem","position":2,"name":"Gesti\u00f3n Comunitaria"}]},{"@type":"WebSite","@id":"https:\/\/reinasdelanoche.org.gt\/#website","url":"https:\/\/reinasdelanoche.org.gt\/","name":"queens of the night","description":"OTHERS","publisher":{"@id":"https:\/\/reinasdelanoche.org.gt\/#organization"},"potentialAction":[{"@type":"SearchAction","target":{"@type":"EntryPoint","urlTemplate":"https:\/\/reinasdelanoche.org.gt\/?s={search_term_string}"},"query-input":{"@type":"PropertyValueSpecification","valueRequired":true,"valueName":"search_term_string"}}],"inLanguage":"en-US"},{"@type":"Organization","@id":"https:\/\/reinasdelanoche.org.gt\/#organization","name":"Reinas de la noche OTRANS","alternateName":"OTRANS","url":"https:\/\/reinasdelanoche.org.gt\/","logo":{"@type":"ImageObject","inLanguage":"en-US","@id":"https:\/\/reinasdelanoche.org.gt\/#\/schema\/logo\/image\/","url":"https:\/\/reinasdelanoche.org.gt\/wp-content\/uploads\/2022\/05\/cropped-Logo-Vertical-Principal-con-lema.png","contentUrl":"https:\/\/reinasdelanoche.org.gt\/wp-content\/uploads\/2022\/05\/cropped-Logo-Vertical-Principal-con-lema.png","width":512,"height":512,"caption":"Reinas de la noche OTRANS"},"image":{"@id":"https:\/\/reinasdelanoche.org.gt\/#\/schema\/logo\/image\/"},"sameAs":["https:\/\/www.facebook.com\/reinasdelanoche1\/","https:\/\/x.com\/InfoOTRANS"]}]}},"_links":{"self":[{"href":"http:\/\/reinasdelanoche.org.gt\/en\/wp-json\/wp\/v2\/pages\/659","targetHints":{"allow":["GET"]}}],"collection":[{"href":"http:\/\/reinasdelanoche.org.gt\/en\/wp-json\/wp\/v2\/pages"}],"about":[{"href":"http:\/\/reinasdelanoche.org.gt\/en\/wp-json\/wp\/v2\/types\/page"}],"author":[{"embeddable":true,"href":"http:\/\/reinasdelanoche.org.gt\/en\/wp-json\/wp\/v2\/users\/1"}],"replies":[{"embeddable":true,"href":"http:\/\/reinasdelanoche.org.gt\/en\/wp-json\/wp\/v2\/comments?post=659"}],"version-history":[{"count":24,"href":"http:\/\/reinasdelanoche.org.gt\/en\/wp-json\/wp\/v2\/pages\/659\/revisions"}],"predecessor-version":[{"id":1935,"href":"http:\/\/reinasdelanoche.org.gt\/en\/wp-json\/wp\/v2\/pages\/659\/revisions\/1935"}],"wp:attachment":[{"href":"http:\/\/reinasdelanoche.org.gt\/en\/wp-json\/wp\/v2\/media?parent=659"}],"curies":[{"name":"wp","href":"https:\/\/api.w.org\/{rel}","templated":true}]}}